{"id":813,"date":"2015-02-01T17:35:04","date_gmt":"2015-02-01T16:35:04","guid":{"rendered":"http:\/\/cptafalla.educacion.navarra.es\/web\/?page_id=813"},"modified":"2015-09-20T22:46:54","modified_gmt":"2015-09-20T20:46:54","slug":"educacion-infantil-2","status":"publish","type":"page","link":"https:\/\/cptafalla.educacion.navarra.es\/web\/cursos-y-departamentos\/otros-anos\/educacion-infantil-2\/","title":{"rendered":"CICLO DE INFANTIL (2014-15)"},"content":{"rendered":"<h2>TALLERES INTERNIVELARES<\/h2>\n<p>\u00a1Ya tenemos el documento de los Talleres del segundo trimestre!<\/p>\n<p><a href=\"https:\/\/cptafalla.educacion.navarra.es\/web\/wp-content\/uploads\/2015\/02\/Talleres-del-segundo-trimestre.pdf\" target=\"_blank\">Talleres del segundo trimestre<\/a><\/p>\n<p><a href=\"https:\/\/cptafalla.educacion.navarra.es\/web\/wp-content\/uploads\/2015\/05\/Talleres-del-segundo-trimestre-3.jpg\"><img loading=\"lazy\" class=\"alignnone size-large wp-image-1005\" src=\"https:\/\/cptafalla.educacion.navarra.es\/web\/wp-content\/uploads\/2015\/05\/Talleres-del-segundo-trimestre-3-758x1024.jpg\" alt=\"Talleres del segundo trimestre-3\" width=\"474\" height=\"640\" srcset=\"https:\/\/cptafalla.educacion.navarra.es\/web\/wp-content\/uploads\/2015\/05\/Talleres-del-segundo-trimestre-3-758x1024.jpg 758w, https:\/\/cptafalla.educacion.navarra.es\/web\/wp-content\/uploads\/2015\/05\/Talleres-del-segundo-trimestre-3-222x300.jpg 222w, https:\/\/cptafalla.educacion.navarra.es\/web\/wp-content\/uploads\/2015\/05\/Talleres-del-segundo-trimestre-3.jpg 1951w\" sizes=\"(max-width: 474px) 100vw, 474px\" \/><\/a><\/p>\n<h2>Primer trimestre<\/h2>\n<p><a href=\"https:\/\/cptafalla.educacion.navarra.es\/web\/wp-content\/uploads\/2015\/02\/Talleres-portada-_1t.jpg\"><img loading=\"lazy\" class=\"alignnone size-large wp-image-828\" src=\"https:\/\/cptafalla.educacion.navarra.es\/web\/wp-content\/uploads\/2015\/02\/Talleres-portada-_1t-1024x1012.jpg\" alt=\"Talleres portada _1t\" width=\"474\" height=\"468\" srcset=\"https:\/\/cptafalla.educacion.navarra.es\/web\/wp-content\/uploads\/2015\/02\/Talleres-portada-_1t-1024x1012.jpg 1024w, https:\/\/cptafalla.educacion.navarra.es\/web\/wp-content\/uploads\/2015\/02\/Talleres-portada-_1t-300x296.jpg 300w\" sizes=\"(max-width: 474px) 100vw, 474px\" \/><\/a><\/p>\n<p>&nbsp;<\/p>\n<p>Las tardes del jueves son especiales en Comarcales: es el momento de los talleres en los que se mezclan ni\u00f1os y ni\u00f1as de los tres cursos de Educaci\u00f3n Infantil y, cada jueves, van pasando por propuestas tan interesantes como \u00a0escribir con tinta invisible, hacer \u201cvolar\u201d az\u00facar, fabricar nuestro propio volc\u00e1n, descubrir que el fuego \u201crespira\u201d, \u00a0conocer a Kandinsky, aprender a trabajar con\u00a0barro, descubrir \u00a0juegos de los cinco continentes, conectar y emocionarse con el arte a trav\u00e9s del teatro de t\u00edteres o\u00a0disfrutar del mundo de la M\u00fasica.<\/p>\n<p><a href=\"https:\/\/cptafalla.educacion.navarra.es\/web\/wp-content\/uploads\/2015\/02\/Talleres-internivelares-del-primer-trimestre.pdf\" target=\"_blank\">En este enlace pod\u00e9is acceder al resumen de los interesantes Talleres del Primer trimestre.<\/a><\/p>\n<h3>TALLER DE CARNAVAL<\/h3>\n<p><a href=\"https:\/\/cptafalla.educacion.navarra.es\/web\/wp-content\/uploads\/2015\/02\/P1010001.jpg\" rel=\"lightbox[800]\"><img loading=\"lazy\" class=\"alignnone size-large wp-image-810\" src=\"https:\/\/cptafalla.educacion.navarra.es\/web\/wp-content\/uploads\/2015\/02\/P1010001-1024x768.jpg\" alt=\"OLYMPUS DIGITAL CAMERA\" width=\"474\" height=\"356\" srcset=\"https:\/\/cptafalla.educacion.navarra.es\/web\/wp-content\/uploads\/2015\/02\/P1010001-1024x768.jpg 1024w, https:\/\/cptafalla.educacion.navarra.es\/web\/wp-content\/uploads\/2015\/02\/P1010001-300x225.jpg 300w\" sizes=\"(max-width: 474px) 100vw, 474px\" \/><\/a>Un a\u00f1o m\u00e1s, tal y como viene siendo habitual en el Ciclo de\u00a0Educaci\u00f3n Infantil, se han organizado los talleres de confecci\u00f3n de los\u00a0distintos trajes que cada nivel educativo mostrar\u00e1 en el desfile del\u00a0cole, en los que han participado las familias de nuestro alumnado.<\/p>\n<p>El taller de Carnaval es un momento de apertura del Centro a la\u00a0Comunidad y de encuentro entre familias, profesorado y alumnado.<\/p>\n<p>Supone una ocasi\u00f3n m\u00e1s para trabajar e implementar la cultura de la\u00a0participaci\u00f3n, el di\u00e1logo y la colaboraci\u00f3n.\u00a0Posibilita mirarnos desde la aceptaci\u00f3n y el respeto y establecer un\u00a0clima de confianza, desde el trabajo conjunto.<\/p>\n<p>Resulta grato ver en el cole a madres y padres midiendo coloridos\u00a0pl\u00e1sticos, marcando, cosiendo\u2026transformando unas sencillas bolsas\u00a0en vistosos trajes que contribuir\u00e1n, junto a los dem\u00e1s cursos, a hacer\u00a0del desfile del Carnaval, de nuestro Centro P\u00fablico, un colorista y\u00a0variado espect\u00e1culo, as\u00ed como un derroche de imaginaci\u00f3n y creaci\u00f3n.<\/p>\n<p><a href=\"https:\/\/cptafalla.educacion.navarra.es\/web\/wp-content\/uploads\/2015\/02\/P1010013.jpg\" rel=\"lightbox[800]\"><img loading=\"lazy\" class=\"alignnone size-large wp-image-809\" src=\"https:\/\/cptafalla.educacion.navarra.es\/web\/wp-content\/uploads\/2015\/02\/P1010013-768x1024.jpg\" alt=\"OLYMPUS DIGITAL CAMERA\" width=\"474\" height=\"632\" srcset=\"https:\/\/cptafalla.educacion.navarra.es\/web\/wp-content\/uploads\/2015\/02\/P1010013-768x1024.jpg 768w, https:\/\/cptafalla.educacion.navarra.es\/web\/wp-content\/uploads\/2015\/02\/P1010013-225x300.jpg 225w, https:\/\/cptafalla.educacion.navarra.es\/web\/wp-content\/uploads\/2015\/02\/P1010013.jpg 1920w\" sizes=\"(max-width: 474px) 100vw, 474px\" \/><\/a><a href=\"https:\/\/cptafalla.educacion.navarra.es\/web\/wp-content\/uploads\/2015\/02\/P1010005.jpg\"><img loading=\"lazy\" class=\"alignnone size-large wp-image-811\" src=\"https:\/\/cptafalla.educacion.navarra.es\/web\/wp-content\/uploads\/2015\/02\/P1010005-1024x768.jpg\" alt=\"OLYMPUS DIGITAL CAMERA\" width=\"474\" height=\"356\" srcset=\"https:\/\/cptafalla.educacion.navarra.es\/web\/wp-content\/uploads\/2015\/02\/P1010005-1024x768.jpg 1024w, https:\/\/cptafalla.educacion.navarra.es\/web\/wp-content\/uploads\/2015\/02\/P1010005-300x225.jpg 300w\" sizes=\"(max-width: 474px) 100vw, 474px\" \/><\/a><a href=\"https:\/\/cptafalla.educacion.navarra.es\/web\/wp-content\/uploads\/2015\/02\/P1010002.jpg\"><img loading=\"lazy\" class=\"alignnone size-large wp-image-808\" src=\"https:\/\/cptafalla.educacion.navarra.es\/web\/wp-content\/uploads\/2015\/02\/P1010002-1024x768.jpg\" alt=\"OLYMPUS DIGITAL CAMERA\" width=\"474\" height=\"356\" srcset=\"https:\/\/cptafalla.educacion.navarra.es\/web\/wp-content\/uploads\/2015\/02\/P1010002-1024x768.jpg 1024w, https:\/\/cptafalla.educacion.navarra.es\/web\/wp-content\/uploads\/2015\/02\/P1010002-300x225.jpg 300w\" sizes=\"(max-width: 474px) 100vw, 474px\" \/><\/a><a href=\"https:\/\/cptafalla.educacion.navarra.es\/web\/wp-content\/uploads\/2015\/02\/P1010003.jpg\"><img loading=\"lazy\" class=\"alignnone size-large wp-image-807\" src=\"https:\/\/cptafalla.educacion.navarra.es\/web\/wp-content\/uploads\/2015\/02\/P1010003-1024x768.jpg\" alt=\"OLYMPUS DIGITAL CAMERA\" width=\"474\" height=\"356\" srcset=\"https:\/\/cptafalla.educacion.navarra.es\/web\/wp-content\/uploads\/2015\/02\/P1010003-1024x768.jpg 1024w, https:\/\/cptafalla.educacion.navarra.es\/web\/wp-content\/uploads\/2015\/02\/P1010003-300x225.jpg 300w\" sizes=\"(max-width: 474px) 100vw, 474px\" \/><\/a><a href=\"https:\/\/cptafalla.educacion.navarra.es\/web\/wp-content\/uploads\/2015\/02\/P1010006.jpg\"><img loading=\"lazy\" class=\"alignnone size-large wp-image-806\" src=\"https:\/\/cptafalla.educacion.navarra.es\/web\/wp-content\/uploads\/2015\/02\/P1010006-1024x768.jpg\" alt=\"OLYMPUS DIGITAL CAMERA\" width=\"474\" height=\"356\" srcset=\"https:\/\/cptafalla.educacion.navarra.es\/web\/wp-content\/uploads\/2015\/02\/P1010006-1024x768.jpg 1024w, https:\/\/cptafalla.educacion.navarra.es\/web\/wp-content\/uploads\/2015\/02\/P1010006-300x225.jpg 300w\" sizes=\"(max-width: 474px) 100vw, 474px\" \/><\/a><a href=\"https:\/\/cptafalla.educacion.navarra.es\/web\/wp-content\/uploads\/2015\/02\/P1010018.jpg\"><img loading=\"lazy\" class=\"alignnone size-large wp-image-805\" src=\"https:\/\/cptafalla.educacion.navarra.es\/web\/wp-content\/uploads\/2015\/02\/P1010018-768x1024.jpg\" alt=\"OLYMPUS DIGITAL CAMERA\" width=\"474\" height=\"632\" srcset=\"https:\/\/cptafalla.educacion.navarra.es\/web\/wp-content\/uploads\/2015\/02\/P1010018-768x1024.jpg 768w, https:\/\/cptafalla.educacion.navarra.es\/web\/wp-content\/uploads\/2015\/02\/P1010018-225x300.jpg 225w, https:\/\/cptafalla.educacion.navarra.es\/web\/wp-content\/uploads\/2015\/02\/P1010018.jpg 1920w\" sizes=\"(max-width: 474px) 100vw, 474px\" \/><\/a><a href=\"https:\/\/cptafalla.educacion.navarra.es\/web\/wp-content\/uploads\/2015\/02\/P1010017.jpg\"><img loading=\"lazy\" class=\"alignnone size-large wp-image-804\" src=\"https:\/\/cptafalla.educacion.navarra.es\/web\/wp-content\/uploads\/2015\/02\/P1010017-768x1024.jpg\" alt=\"OLYMPUS DIGITAL CAMERA\" width=\"474\" height=\"632\" srcset=\"https:\/\/cptafalla.educacion.navarra.es\/web\/wp-content\/uploads\/2015\/02\/P1010017-768x1024.jpg 768w, https:\/\/cptafalla.educacion.navarra.es\/web\/wp-content\/uploads\/2015\/02\/P1010017-225x300.jpg 225w, https:\/\/cptafalla.educacion.navarra.es\/web\/wp-content\/uploads\/2015\/02\/P1010017.jpg 1920w\" sizes=\"(max-width: 474px) 100vw, 474px\" \/><\/a><a href=\"https:\/\/cptafalla.educacion.navarra.es\/web\/wp-content\/uploads\/2015\/02\/P1010016.jpg\"><img loading=\"lazy\" class=\"alignnone size-large wp-image-803\" src=\"https:\/\/cptafalla.educacion.navarra.es\/web\/wp-content\/uploads\/2015\/02\/P1010016-1024x768.jpg\" alt=\"OLYMPUS DIGITAL CAMERA\" width=\"474\" height=\"356\" srcset=\"https:\/\/cptafalla.educacion.navarra.es\/web\/wp-content\/uploads\/2015\/02\/P1010016-1024x768.jpg 1024w, https:\/\/cptafalla.educacion.navarra.es\/web\/wp-content\/uploads\/2015\/02\/P1010016-300x225.jpg 300w\" sizes=\"(max-width: 474px) 100vw, 474px\" \/><\/a><a href=\"https:\/\/cptafalla.educacion.navarra.es\/web\/wp-content\/uploads\/2015\/02\/P1010015.jpg\"><img loading=\"lazy\" class=\"alignnone size-large wp-image-802\" src=\"https:\/\/cptafalla.educacion.navarra.es\/web\/wp-content\/uploads\/2015\/02\/P1010015-768x1024.jpg\" alt=\"OLYMPUS DIGITAL CAMERA\" width=\"474\" height=\"632\" srcset=\"https:\/\/cptafalla.educacion.navarra.es\/web\/wp-content\/uploads\/2015\/02\/P1010015-768x1024.jpg 768w, https:\/\/cptafalla.educacion.navarra.es\/web\/wp-content\/uploads\/2015\/02\/P1010015-225x300.jpg 225w, https:\/\/cptafalla.educacion.navarra.es\/web\/wp-content\/uploads\/2015\/02\/P1010015.jpg 1920w\" sizes=\"(max-width: 474px) 100vw, 474px\" \/><\/a><a href=\"https:\/\/cptafalla.educacion.navarra.es\/web\/wp-content\/uploads\/2015\/02\/P1010014.jpg\"><img loading=\"lazy\" class=\"alignnone size-large wp-image-801\" src=\"https:\/\/cptafalla.educacion.navarra.es\/web\/wp-content\/uploads\/2015\/02\/P1010014-1024x768.jpg\" alt=\"OLYMPUS DIGITAL CAMERA\" width=\"474\" height=\"356\" srcset=\"https:\/\/cptafalla.educacion.navarra.es\/web\/wp-content\/uploads\/2015\/02\/P1010014-1024x768.jpg 1024w, https:\/\/cptafalla.educacion.navarra.es\/web\/wp-content\/uploads\/2015\/02\/P1010014-300x225.jpg 300w\" sizes=\"(max-width: 474px) 100vw, 474px\" \/><\/a><\/p>\n<p>&nbsp;<\/p>\n<p>&nbsp;<\/p>\n","protected":false},"excerpt":{"rendered":"<p>TALLERES INTERNIVELARES \u00a1Ya tenemos el documento de los Talleres del segundo trimestre! Talleres del segundo trimestre Primer trimestre &nbsp; Las tardes del jueves son especiales en Comarcales: es el momento de los talleres en los que se mezclan ni\u00f1os y ni\u00f1as de los tres cursos de Educaci\u00f3n Infantil y, cada jueves, van pasando por propuestas &hellip; <a href=\"https:\/\/cptafalla.educacion.navarra.es\/web\/cursos-y-departamentos\/otros-anos\/educacion-infantil-2\/\" class=\"more-link\">Seguir leyendo <span class=\"screen-reader-text\">CICLO DE INFANTIL (2014-15)<\/span> <span class=\"meta-nav\">&rarr;<\/span><\/a><\/p>\n","protected":false},"author":1,"featured_media":0,"parent":1167,"menu_order":1,"comment_status":"closed","ping_status":"closed","template":"","meta":[],"_links":{"self":[{"href":"https:\/\/cptafalla.educacion.navarra.es\/web\/wp-json\/wp\/v2\/pages\/813"}],"collection":[{"href":"https:\/\/cptafalla.educacion.navarra.es\/web\/wp-json\/wp\/v2\/pages"}],"about":[{"href":"https:\/\/cptafalla.educacion.navarra.es\/web\/wp-json\/wp\/v2\/types\/page"}],"author":[{"embeddable":true,"href":"https:\/\/cptafalla.educacion.navarra.es\/web\/wp-json\/wp\/v2\/users\/1"}],"replies":[{"embeddable":true,"href":"https:\/\/cptafalla.educacion.navarra.es\/web\/wp-json\/wp\/v2\/comments?post=813"}],"version-history":[{"count":11,"href":"https:\/\/cptafalla.educacion.navarra.es\/web\/wp-json\/wp\/v2\/pages\/813\/revisions"}],"predecessor-version":[{"id":1160,"href":"https:\/\/cptafalla.educacion.navarra.es\/web\/wp-json\/wp\/v2\/pages\/813\/revisions\/1160"}],"up":[{"embeddable":true,"href":"https:\/\/cptafalla.educacion.navarra.es\/web\/wp-json\/wp\/v2\/pages\/1167"}],"wp:attachment":[{"href":"https:\/\/cptafalla.educacion.navarra.es\/web\/wp-json\/wp\/v2\/media?parent=813"}],"curies":[{"name":"wp","href":"https:\/\/api.w.org\/{rel}","templated":true}]}}