{"id":80,"date":"2014-09-14T00:36:15","date_gmt":"2014-09-13T22:36:15","guid":{"rendered":"http:\/\/cptafalla.educacion.navarra.es\/web\/?page_id=80"},"modified":"2026-03-12T16:05:24","modified_gmt":"2026-03-12T15:05:24","slug":"contacto","status":"publish","type":"page","link":"https:\/\/cptafalla.educacion.navarra.es\/web\/contacto\/","title":{"rendered":"Contacto\/ Kontaktua"},"content":{"rendered":"<p>[contact-form-7 404 \"No encontrado\"]<br \/>\nCorreo electr\u00f3nico\/ Posta elektronikoa:<\/p>\n<p style=\"padding-left: 30px;\">cptafalla @ educacion.navarra.es<\/p>\n<p>Tel\u00e9fono\/ Telefonoa:<\/p>\n<p style=\"padding-left: 30px;\">948 70 12 54<\/p>\n<p><span style=\"line-height: 1.5;\">Correo postal\/ Posta arrunta:<\/span><\/p>\n<p style=\"padding-left: 30px;\">Colegio P\u00fablico Marqu\u00e9s de la Real defensa<\/p>\n<p style=\"padding-left: 30px;\">Calle Pesquera, 6<\/p>\n<p style=\"padding-left: 30px;\">31300 Tafalla &#8211; Navarra<\/p>\n<p>NIF: S3199066F<\/p>\n<p>APYMA Romerales:<\/p>\n<p style=\"padding-left: 30px;\">apymaromerales @ herrikoa.org<\/p>\n<p>romeralesapymainfo@gmail.com<\/p>\n<p>NOTA IMPORTANTE: Todas las direcciones de correo electr\u00f3nico que aparecen en esta web contienen espacios antes y despu\u00e9s de la @ para evitar el robo de direcciones por parte de &#8216;robots&#8217; y su posterior env\u00edo de <em>spam<\/em>.<\/p>\n<p>NOTA GARRANTZITSUA: webgune honetan agertzen diren helbide elektroniko guztiek@baino lehenagoko eta ondorengo espazioak dituzte, robotek helbideak lapurtzea eta ondoren spama bidaltzea saihesteko.<\/p>\n","protected":false},"excerpt":{"rendered":"<p>Correo electr\u00f3nico\/ Posta elektronikoa: cptafalla @ educacion.navarra.es Tel\u00e9fono\/ Telefonoa: 948 70 12 54 Correo postal\/ Posta arrunta: Colegio P\u00fablico Marqu\u00e9s de la Real defensa Calle Pesquera, 6 31300 Tafalla &#8211; Navarra NIF: S3199066F APYMA Romerales: apymaromerales @ herrikoa.org romeralesapymainfo@gmail.com NOTA IMPORTANTE: Todas las direcciones de correo electr\u00f3nico que aparecen en esta web contienen espacios antes &hellip; <a href=\"https:\/\/cptafalla.educacion.navarra.es\/web\/contacto\/\" class=\"more-link\">Seguir leyendo <span class=\"screen-reader-text\">Contacto\/ Kontaktua<\/span> <span class=\"meta-nav\">&rarr;<\/span><\/a><\/p>\n","protected":false},"author":1,"featured_media":0,"parent":0,"menu_order":1,"comment_status":"closed","ping_status":"closed","template":"","meta":[],"_links":{"self":[{"href":"https:\/\/cptafalla.educacion.navarra.es\/web\/wp-json\/wp\/v2\/pages\/80"}],"collection":[{"href":"https:\/\/cptafalla.educacion.navarra.es\/web\/wp-json\/wp\/v2\/pages"}],"about":[{"href":"https:\/\/cptafalla.educacion.navarra.es\/web\/wp-json\/wp\/v2\/types\/page"}],"author":[{"embeddable":true,"href":"https:\/\/cptafalla.educacion.navarra.es\/web\/wp-json\/wp\/v2\/users\/1"}],"replies":[{"embeddable":true,"href":"https:\/\/cptafalla.educacion.navarra.es\/web\/wp-json\/wp\/v2\/comments?post=80"}],"version-history":[{"count":13,"href":"https:\/\/cptafalla.educacion.navarra.es\/web\/wp-json\/wp\/v2\/pages\/80\/revisions"}],"predecessor-version":[{"id":10402,"href":"https:\/\/cptafalla.educacion.navarra.es\/web\/wp-json\/wp\/v2\/pages\/80\/revisions\/10402"}],"wp:attachment":[{"href":"https:\/\/cptafalla.educacion.navarra.es\/web\/wp-json\/wp\/v2\/media?parent=80"}],"curies":[{"name":"wp","href":"https:\/\/api.w.org\/{rel}","templated":true}]}}