{"id":3979,"date":"2019-11-07T12:05:39","date_gmt":"2019-11-07T11:05:39","guid":{"rendered":"http:\/\/cptafalla.educacion.navarra.es\/web\/?page_id=3979"},"modified":"2020-06-29T13:22:53","modified_gmt":"2020-06-29T11:22:53","slug":"potamos-zidakos","status":"publish","type":"page","link":"https:\/\/cptafalla.educacion.navarra.es\/web\/proyectos\/potamos-zidakos\/","title":{"rendered":"P\u00d3TAMOS ZIDAKOS"},"content":{"rendered":"\n<p align=\"justify\">\u201cP\u00f3tamos Zidakos\u201d es el proyecto educativo que las clases de 4.\u00ba est\u00e1n realizando en torno a\u00a0las hist\u00f3ricas inundaciones que se produjeron en Tafalla y localidades cercanas el 8 de julio de 2019, investigando c\u00f3mo se produjeron, qu\u00e9 actuaciones se realizaron, qu\u00e9 da\u00f1os causaron\u2026, y c\u00f3mo podr\u00edamos evitarlos en un futuro.<\/p>\n<p align=\"justify\">Adem\u00e1s, al ser un proyecto integral, les est\u00e1 permitiendo trabajar transversalmente sobre el cambio clim\u00e1tico, investigando, analizando y tomando conciencia para actuar, trabajando los contenidos curriculares desde la emotividad y vivencias personales, lo que les hace doblemente significativos.<\/p>\n<p><a href=\"https:\/\/sites.google.com\/educacion.navarra.es\/potamoszidakos\">https:\/\/sites.google.com\/educacion.navarra.es\/potamoszidakos<\/a><\/p>\n","protected":false},"excerpt":{"rendered":"<p>\u201cP\u00f3tamos Zidakos\u201d es el proyecto educativo que las clases de 4.\u00ba est\u00e1n realizando en torno a\u00a0las hist\u00f3ricas inundaciones que se produjeron en Tafalla y localidades cercanas el 8 de julio de 2019, investigando c\u00f3mo se produjeron, qu\u00e9 actuaciones se realizaron, qu\u00e9 da\u00f1os causaron\u2026, y c\u00f3mo podr\u00edamos evitarlos en un futuro. Adem\u00e1s, al ser un proyecto &hellip; <a href=\"https:\/\/cptafalla.educacion.navarra.es\/web\/proyectos\/potamos-zidakos\/\" class=\"more-link\">Seguir leyendo <span class=\"screen-reader-text\">P\u00d3TAMOS ZIDAKOS<\/span> <span class=\"meta-nav\">&rarr;<\/span><\/a><\/p>\n","protected":false},"author":1,"featured_media":0,"parent":636,"menu_order":1,"comment_status":"closed","ping_status":"closed","template":"","meta":[],"_links":{"self":[{"href":"https:\/\/cptafalla.educacion.navarra.es\/web\/wp-json\/wp\/v2\/pages\/3979"}],"collection":[{"href":"https:\/\/cptafalla.educacion.navarra.es\/web\/wp-json\/wp\/v2\/pages"}],"about":[{"href":"https:\/\/cptafalla.educacion.navarra.es\/web\/wp-json\/wp\/v2\/types\/page"}],"author":[{"embeddable":true,"href":"https:\/\/cptafalla.educacion.navarra.es\/web\/wp-json\/wp\/v2\/users\/1"}],"replies":[{"embeddable":true,"href":"https:\/\/cptafalla.educacion.navarra.es\/web\/wp-json\/wp\/v2\/comments?post=3979"}],"version-history":[{"count":2,"href":"https:\/\/cptafalla.educacion.navarra.es\/web\/wp-json\/wp\/v2\/pages\/3979\/revisions"}],"predecessor-version":[{"id":4567,"href":"https:\/\/cptafalla.educacion.navarra.es\/web\/wp-json\/wp\/v2\/pages\/3979\/revisions\/4567"}],"up":[{"embeddable":true,"href":"https:\/\/cptafalla.educacion.navarra.es\/web\/wp-json\/wp\/v2\/pages\/636"}],"wp:attachment":[{"href":"https:\/\/cptafalla.educacion.navarra.es\/web\/wp-json\/wp\/v2\/media?parent=3979"}],"curies":[{"name":"wp","href":"https:\/\/api.w.org\/{rel}","templated":true}]}}