{"id":395,"date":"2014-10-13T11:24:52","date_gmt":"2014-10-13T09:24:52","guid":{"rendered":"http:\/\/cptafalla.educacion.navarra.es\/web\/?page_id=395"},"modified":"2022-09-26T14:22:34","modified_gmt":"2022-09-26T12:22:34","slug":"ideario","status":"publish","type":"page","link":"https:\/\/cptafalla.educacion.navarra.es\/web\/el-colegio-2\/ideario\/","title":{"rendered":"MISI\u00d3N, VISI\u00d3N Y VALORES  MISIO, IKUSPEGI ETA BALIOAK"},"content":{"rendered":"<p style=\"text-align: center;\"><span style=\"line-height: 1.5;\"><a href=\"https:\/\/cptafalla.educacion.navarra.es\/web\/wp-content\/uploads\/2014\/09\/CHAPA-CHICA_J.jpg\"><img loading=\"lazy\" class=\"alignnone size-medium wp-image-384\" src=\"https:\/\/cptafalla.educacion.navarra.es\/web\/wp-content\/uploads\/2014\/09\/CHAPA-CHICA_J-300x300.jpg\" alt=\"CHAPA CHICA_J\" width=\"300\" height=\"300\" srcset=\"https:\/\/cptafalla.educacion.navarra.es\/web\/wp-content\/uploads\/2014\/09\/CHAPA-CHICA_J-300x300.jpg 300w, https:\/\/cptafalla.educacion.navarra.es\/web\/wp-content\/uploads\/2014\/09\/CHAPA-CHICA_J-150x150.jpg 150w, https:\/\/cptafalla.educacion.navarra.es\/web\/wp-content\/uploads\/2014\/09\/CHAPA-CHICA_J.jpg 454w\" sizes=\"(max-width: 300px) 100vw, 300px\" \/><\/a><\/span><\/p>\n<h4 style=\"text-align: left;\">MISI\u00d3N<\/h4>\n<p style=\"text-align: left;\"><strong>Construir un entorno de aprendizaje abierto y atractivo<\/strong> (utilizando las tecnolog\u00edas de la informaci\u00f3n y la comunicaci\u00f3n y potenciando los contenidos cient\u00edficos, t\u00e9cnicos y art\u00edsticos) y promocionar la ciudadan\u00eda activa, la igualdad de oportunidades, la cohesi\u00f3n social y la capacitaci\u00f3n para comunicarse en diferentes idiomas, <strong>que haga de nuestro alumnado personas libres, aut\u00f3nomas, cr\u00edticas, emprendedoras y felices<\/strong>, que puedan integrarse plenamente en la sociedad que les toque vivir, <strong>con la equidad y la excelencia como objetivos fundamentales de una escuela inclusiva<\/strong>.<\/p>\n<h4 style=\"margin-bottom: 6.0pt; text-align: justify;\">VISI\u00d3N<\/h4>\n<p style=\"margin-bottom: 6.0pt; text-align: justify;\"><span style=\"font-family: 'Arial','sans-serif';\">Ser un centro innovador en el <strong>que el profesorado se sienta a gusto<\/strong>, de referencia en la zona, integrado en la sociedad <strong>y que las familias elijan para<\/strong> formar parte de su comunidad educativa con <strong>la escolarizaci\u00f3n de sus hijos e hijas<\/strong>.<\/span><\/p>\n<h4 style=\"margin-bottom: 6.0pt; text-align: justify;\">VALORES<\/h4>\n<p style=\"margin-bottom: 6.0pt; text-align: justify;\"><span style=\"font-family: 'Arial','sans-serif';\">Ser un centro de c<span style=\"color: #2b2b2b;\">ar\u00e1cter <strong>aconfesional,<\/strong> que trabaja desde la premisa de la <strong>seguridad,<\/strong> con el <strong>respeto<\/strong> como piedra angular, con una <strong>Educaci\u00f3n de calidad adaptada a las necesidades del alumnado<\/strong> que garantice su igualdad efectiva de oportunidades, con el planteamiento de <strong>esfuerzo compartido<\/strong> (alumnado, familias, profesorado y centro junto con el de las administraciones y la sociedad entera) para conseguir una <strong>escolarizaci\u00f3n equitativa y comprometido con los objetivos planteados por la Uni\u00f3n Europea<\/strong> (capacidad de comunicarse en varios idiomas, Educaci\u00f3n para la Salud, Solidaridad, Compromiso con el Medioambiente, etc.).<\/span><\/span><\/p>\n<h4><strong>MISIOA<\/strong><\/h4>\n<p>Ikaskuntza-ingurune irekia eta erakargarria eraikitzea (informazioaren eta komunikazioaren teknologiak erabiliz eta eduki zientifikoak, teknikoak eta artistikoak indartuz), eta herritartasun aktiboa, aukera-berdintasuna, gizarte-kohesioa eta hainbat hizkuntzatan komunikatzeko gaitasuna sustatzea, gure ikasleak libreak, autonomoak, kritikoak, ekintzaileak eta zoriontsuak izan daitezen, bizitzea tokatzen zaien gizartean erabat integra daitezen, ekitatea eta bikaintasuna eskola inklusibo baten funtsezko helburu direla.<\/p>\n<h4>I<strong>KUSPEGIA<\/strong><\/h4>\n<p>Ikastetxe berritzailea izatea, non irakasleak gustura sentituko diren, eskualdean erreferentzia izango diren, gizartean integratuta egongo diren eta familiek beren hezkuntza-komunitatean parte hartzeko hautatuko duten, seme-alabak eskolatuta.<\/p>\n<h4><strong>BALIOAK<\/strong><\/h4>\n<p>Zentro akonfesionala izatea, segurtasunaren premisatik lan egiten duena, errespetuz, giltzarri gisa, ikasleen beharretara egokitutako kalitatezko hezkuntzarekin, ikasleen aukera-berdintasuna bermatuko duena, ahalegin partekatua planteatuz (ikasleak, familiak, irakasleak eta ikastetxea, administrazioekin eta gizarte osoarekin batera), ekitatezko eskolatzea lortzeko eta Europar Batasunak planteatutako helburuekin konprometitua (Osasunarekin komunikatzeko gaitasuna, hainbat hizkuntzatan).<\/p>\n","protected":false},"excerpt":{"rendered":"<p>MISI\u00d3N Construir un entorno de aprendizaje abierto y atractivo (utilizando las tecnolog\u00edas de la informaci\u00f3n y la comunicaci\u00f3n y potenciando los contenidos cient\u00edficos, t\u00e9cnicos y art\u00edsticos) y promocionar la ciudadan\u00eda activa, la igualdad de oportunidades, la cohesi\u00f3n social y la capacitaci\u00f3n para comunicarse en diferentes idiomas, que haga de nuestro alumnado personas libres, aut\u00f3nomas, cr\u00edticas, &hellip; <a href=\"https:\/\/cptafalla.educacion.navarra.es\/web\/el-colegio-2\/ideario\/\" class=\"more-link\">Seguir leyendo <span class=\"screen-reader-text\">MISI\u00d3N, VISI\u00d3N Y VALORES  MISIO, IKUSPEGI ETA BALIOAK<\/span> <span class=\"meta-nav\">&rarr;<\/span><\/a><\/p>\n","protected":false},"author":1,"featured_media":0,"parent":392,"menu_order":1,"comment_status":"closed","ping_status":"closed","template":"","meta":[],"_links":{"self":[{"href":"https:\/\/cptafalla.educacion.navarra.es\/web\/wp-json\/wp\/v2\/pages\/395"}],"collection":[{"href":"https:\/\/cptafalla.educacion.navarra.es\/web\/wp-json\/wp\/v2\/pages"}],"about":[{"href":"https:\/\/cptafalla.educacion.navarra.es\/web\/wp-json\/wp\/v2\/types\/page"}],"author":[{"embeddable":true,"href":"https:\/\/cptafalla.educacion.navarra.es\/web\/wp-json\/wp\/v2\/users\/1"}],"replies":[{"embeddable":true,"href":"https:\/\/cptafalla.educacion.navarra.es\/web\/wp-json\/wp\/v2\/comments?post=395"}],"version-history":[{"count":13,"href":"https:\/\/cptafalla.educacion.navarra.es\/web\/wp-json\/wp\/v2\/pages\/395\/revisions"}],"predecessor-version":[{"id":6221,"href":"https:\/\/cptafalla.educacion.navarra.es\/web\/wp-json\/wp\/v2\/pages\/395\/revisions\/6221"}],"up":[{"embeddable":true,"href":"https:\/\/cptafalla.educacion.navarra.es\/web\/wp-json\/wp\/v2\/pages\/392"}],"wp:attachment":[{"href":"https:\/\/cptafalla.educacion.navarra.es\/web\/wp-json\/wp\/v2\/media?parent=395"}],"curies":[{"name":"wp","href":"https:\/\/api.w.org\/{rel}","templated":true}]}}