{"id":322,"date":"2014-10-06T16:27:51","date_gmt":"2014-10-06T14:27:51","guid":{"rendered":"http:\/\/cptafalla.educacion.navarra.es\/web\/?page_id=322"},"modified":"2018-03-01T13:01:54","modified_gmt":"2018-03-01T12:01:54","slug":"seguridad-vial","status":"publish","type":"page","link":"https:\/\/cptafalla.educacion.navarra.es\/web\/proyectos\/seguridad-vial\/","title":{"rendered":"SEGURIDAD VIAL"},"content":{"rendered":"<h3>Ruta escolar recomendada<\/h3>\n<p>Una iniciativa del \u00c1rea de Igualdad del Ayuntamiento de Tafalla en colaboraci\u00f3n con los centros de Educaci\u00f3n Primaria de la localidad y sus APYMAS.<\/p>\n<p>Los objetivos son que el alumnado realice el camino de casa al colegio de una forma m\u00e1s segura, que reduzcamos el n\u00famero de coches en las puertas de los centros escolares, impulsemos h\u00e1bitos de vida saludable y fomentemos la autonom\u00eda de nuestros menores desde la corresponsabilidad.<\/p>\n<p><a href=\"https:\/\/cptafalla.educacion.navarra.es\/web\/wp-content\/uploads\/2014\/10\/folleto-ruta.pdf\" target=\"_blank\">Folleto informativo Ruta escolar<\/a><\/p>\n<h4>Educaci\u00f3n vial de la DGT<\/h4>\n<p>El Proyecto de la Ruta escolar se entronca en el planteamiento de la Direcci\u00f3n General de Tr\u00e1fico en busca de su objetivo de velar por la seguridad vial de todos, en las diferentes formas de desplazamiento y en contextos diversos. Y de ah\u00ed, las diferentes puestas en marcha de los distintos Caminos escolares con el objetivo primordial de que los ni\u00f1os y ni\u00f1as se puedan desplazar de manera aut\u00f3noma, apostando por una movilidad saludable, sostenible y segura.<\/p>\n<p><a href=\"https:\/\/cptafalla.educacion.navarra.es\/web\/wp-content\/uploads\/2014\/10\/camino_escolar_Paso_a_Paso.pdf\">Folleto Camino escolar Paso a Paso<\/a><\/p>\n<p>Un espacio donde\u00a0encontrar recursos \u00fatiles y favorecedores del proceso ense\u00f1anza-aprendizaje de contenidos viales de aplicaci\u00f3n tanto dentro como fuera del aula, en entornos formales y no formales que ayuden a los diferentes agentes educadores a la intervenci\u00f3n y pr\u00e1ctica educativa con los m\u00e1s peque\u00f1os:<\/p>\n<p><a href=\"http:\/\/www.dgt.es\/es\/seguridad-vial\/educacion-vial\/recursos-didacticos\/infancia\/\" target=\"_blank\">DGT: Recursos did\u00e1cticos para la educaci\u00f3n vial<\/a><\/p>\n<p>&nbsp;<\/p>\n","protected":false},"excerpt":{"rendered":"<p>Ruta escolar recomendada Una iniciativa del \u00c1rea de Igualdad del Ayuntamiento de Tafalla en colaboraci\u00f3n con los centros de Educaci\u00f3n Primaria de la localidad y sus APYMAS. Los objetivos son que el alumnado realice el camino de casa al colegio de una forma m\u00e1s segura, que reduzcamos el n\u00famero de coches en las puertas de &hellip; <a href=\"https:\/\/cptafalla.educacion.navarra.es\/web\/proyectos\/seguridad-vial\/\" class=\"more-link\">Seguir leyendo <span class=\"screen-reader-text\">SEGURIDAD VIAL<\/span> <span class=\"meta-nav\">&rarr;<\/span><\/a><\/p>\n","protected":false},"author":1,"featured_media":0,"parent":636,"menu_order":22,"comment_status":"closed","ping_status":"closed","template":"","meta":[],"_links":{"self":[{"href":"https:\/\/cptafalla.educacion.navarra.es\/web\/wp-json\/wp\/v2\/pages\/322"}],"collection":[{"href":"https:\/\/cptafalla.educacion.navarra.es\/web\/wp-json\/wp\/v2\/pages"}],"about":[{"href":"https:\/\/cptafalla.educacion.navarra.es\/web\/wp-json\/wp\/v2\/types\/page"}],"author":[{"embeddable":true,"href":"https:\/\/cptafalla.educacion.navarra.es\/web\/wp-json\/wp\/v2\/users\/1"}],"replies":[{"embeddable":true,"href":"https:\/\/cptafalla.educacion.navarra.es\/web\/wp-json\/wp\/v2\/comments?post=322"}],"version-history":[{"count":6,"href":"https:\/\/cptafalla.educacion.navarra.es\/web\/wp-json\/wp\/v2\/pages\/322\/revisions"}],"predecessor-version":[{"id":435,"href":"https:\/\/cptafalla.educacion.navarra.es\/web\/wp-json\/wp\/v2\/pages\/322\/revisions\/435"}],"up":[{"embeddable":true,"href":"https:\/\/cptafalla.educacion.navarra.es\/web\/wp-json\/wp\/v2\/pages\/636"}],"wp:attachment":[{"href":"https:\/\/cptafalla.educacion.navarra.es\/web\/wp-json\/wp\/v2\/media?parent=322"}],"curies":[{"name":"wp","href":"https:\/\/api.w.org\/{rel}","templated":true}]}}