{"id":253,"date":"2014-09-30T14:16:32","date_gmt":"2014-09-30T12:16:32","guid":{"rendered":"http:\/\/cptafalla.educacion.navarra.es\/web\/?page_id=253"},"modified":"2021-08-26T12:52:58","modified_gmt":"2021-08-26T10:52:58","slug":"normativa","status":"publish","type":"page","link":"https:\/\/cptafalla.educacion.navarra.es\/web\/informaciones\/normativa\/","title":{"rendered":"NORMATIVA"},"content":{"rendered":"<h4>Enlaces:<\/h4>\n<p><a href=\"https:\/\/www.boe.es\/eli\/es\/lo\/2020\/12\/29\/3\/dof\/spa\/pdf\">Ley Org\u00e1nica de Modificaci\u00f3n de la LOE (LOMLOE)<\/a><\/p>\n<p><a href=\"http:\/\/www.boe.es\/buscar\/pdf\/2006\/BOE-A-2006-7899-consolidado.pdf\" target=\"_blank\" rel=\"noopener\">Ley Org\u00e1nica de Educaci\u00f3n (LOE) modificada por la LOMCE.<\/a><\/p>\n<p><a href=\"http:\/\/www.educacion.navarra.es\/web\/dpto\/normativa-segundo-ciclo-infantil\" target=\"_blank\" rel=\"noopener\">Normativa del Segundo Ciclo de Educaci\u00f3n Infantil.<\/a><\/p>\n<p><a href=\"http:\/\/www.educacion.navarra.es\/web\/dpto\/normativa-primaria\" target=\"_blank\" rel=\"noopener\">Normativa de Educaci\u00f3n Primaria.<\/a><\/p>\n<p><a style=\"line-height: 1.5;\" href=\"https:\/\/cptafalla.educacion.navarra.es\/web\/wp-content\/uploads\/2014\/09\/DF_60_2014_Curriculo_Navarra.pdf\" target=\"_blank\" rel=\"noopener\">Curr\u00edculo de Educaci\u00f3n Primaria de \u00a0Navarra (DF 60\/2014).<\/a><span style=\"line-height: 1.5;\">\u00a0<\/span><\/p>\n<p><a href=\"https:\/\/cptafalla.educacion.navarra.es\/web\/wp-content\/uploads\/2014\/09\/OF_51_2014_Implantacion_Primaria.pdf\" target=\"_blank\" rel=\"noopener\">Implantaci\u00f3n y horario en Primaria (OF 51\/2014).<\/a><\/p>\n<p><a href=\"http:\/\/www.navarra.es\/home_es\/Actualidad\/BON\/Boletines\/2014\/187\/Anuncio-0\/\" target=\"_blank\" rel=\"noopener\">Evaluaci\u00f3n y promoci\u00f3n del alumnado de Primaria (OF 72\/2014).<\/a><\/p>\n<p><a href=\"https:\/\/cptafalla.educacion.navarra.es\/web\/wp-content\/uploads\/2014\/09\/OF_110_2011_PAI.pdf\">Programa de Aprendizaje en Ingl\u00e9s (OF 110\/2011)<\/a><\/p>\n<p><a href=\"http:\/\/www.educacion.navarra.es\/web\/dpto\/programas-de-aprendizaje-de-ingles-infantil-y-primaria\" target=\"_blank\" rel=\"noopener\">Normativa de Programas de Aprendizaje en Lenguas Extranjeras<\/a><\/p>\n","protected":false},"excerpt":{"rendered":"<p>Enlaces: Ley Org\u00e1nica de Modificaci\u00f3n de la LOE (LOMLOE) Ley Org\u00e1nica de Educaci\u00f3n (LOE) modificada por la LOMCE. Normativa del Segundo Ciclo de Educaci\u00f3n Infantil. Normativa de Educaci\u00f3n Primaria. Curr\u00edculo de Educaci\u00f3n Primaria de \u00a0Navarra (DF 60\/2014).\u00a0 Implantaci\u00f3n y horario en Primaria (OF 51\/2014). Evaluaci\u00f3n y promoci\u00f3n del alumnado de Primaria (OF 72\/2014). Programa de &hellip; <a href=\"https:\/\/cptafalla.educacion.navarra.es\/web\/informaciones\/normativa\/\" class=\"more-link\">Seguir leyendo <span class=\"screen-reader-text\">NORMATIVA<\/span> <span class=\"meta-nav\">&rarr;<\/span><\/a><\/p>\n","protected":false},"author":1,"featured_media":0,"parent":132,"menu_order":4,"comment_status":"closed","ping_status":"closed","template":"","meta":[],"_links":{"self":[{"href":"https:\/\/cptafalla.educacion.navarra.es\/web\/wp-json\/wp\/v2\/pages\/253"}],"collection":[{"href":"https:\/\/cptafalla.educacion.navarra.es\/web\/wp-json\/wp\/v2\/pages"}],"about":[{"href":"https:\/\/cptafalla.educacion.navarra.es\/web\/wp-json\/wp\/v2\/types\/page"}],"author":[{"embeddable":true,"href":"https:\/\/cptafalla.educacion.navarra.es\/web\/wp-json\/wp\/v2\/users\/1"}],"replies":[{"embeddable":true,"href":"https:\/\/cptafalla.educacion.navarra.es\/web\/wp-json\/wp\/v2\/comments?post=253"}],"version-history":[{"count":11,"href":"https:\/\/cptafalla.educacion.navarra.es\/web\/wp-json\/wp\/v2\/pages\/253\/revisions"}],"predecessor-version":[{"id":5363,"href":"https:\/\/cptafalla.educacion.navarra.es\/web\/wp-json\/wp\/v2\/pages\/253\/revisions\/5363"}],"up":[{"embeddable":true,"href":"https:\/\/cptafalla.educacion.navarra.es\/web\/wp-json\/wp\/v2\/pages\/132"}],"wp:attachment":[{"href":"https:\/\/cptafalla.educacion.navarra.es\/web\/wp-json\/wp\/v2\/media?parent=253"}],"curies":[{"name":"wp","href":"https:\/\/api.w.org\/{rel}","templated":true}]}}