{"id":2521,"date":"2018-03-01T12:58:36","date_gmt":"2018-03-01T11:58:36","guid":{"rendered":"http:\/\/cptafalla.educacion.navarra.es\/web\/?page_id=2521"},"modified":"2018-03-01T13:57:39","modified_gmt":"2018-03-01T12:57:39","slug":"el-ciclo-del-agua","status":"publish","type":"page","link":"https:\/\/cptafalla.educacion.navarra.es\/web\/proyectos\/el-ciclo-del-agua\/","title":{"rendered":"El Ciclo del Agua"},"content":{"rendered":"<h4>OCTUBRE<\/h4>\n<p>El gran trabajo realizado el curso 2016-17 en torno al hilo conductor de &#8220;<a href=\"https:\/\/cptafalla.educacion.navarra.es\/web\/proyectos\/cuidemos-el-medio-ambiente\/\" target=\"_blank\" rel=\"noopener\">Cuidemos el Medio Ambiente<\/a>&#8220;,\u00a0 tendr\u00e1\u00a0su continuidad este curso en un plan de trabajo en relaci\u00f3n al agua con la colaboraci\u00f3n de NILSA, para el conocimiento y estudio de nuestro r\u00edo y del<br \/>\nCiclo del agua.<\/p>\n<p>Y as\u00ed consta en nuestra Programaci\u00f3n General Anual, otorg\u00e1ndole la importancia que se merece.<\/p>\n<h4>NOVIEMBRE<\/h4>\n<p><strong>\u00a1Gran Noticia!<\/strong><\/p>\n<p>Nos informan desde la organizaci\u00f3n del &#8220;Premio Acci\u00f3n Magistral&#8221;, que hemos sido seleccionados\u00a0en la convocatoria de apoyo a proyectos de innovaci\u00f3n social educativa ACCI\u00d3N MAGISTRAL 2017-2018, con lo que conlleva de reconocimiento, apoyo, oferta formativa y \u00a1una dotaci\u00f3n econ\u00f3mica de 1000 euros!<\/p>\n<p><strong>23 DE NOVIEMBRE<\/strong><\/p>\n<p>Aprendemos la importancia de la calidad del agua de nuestro r\u00edo, c\u00f3mo analizarla y c\u00f3mo podemos ayudar a mejorarla.<\/p>\n<p>\u00a1Y aplicamos lo aprendido en el mismo r\u00edo!<\/p>\n<div id='gallery-1' class='gallery galleryid-2521 gallery-columns-3 gallery-size-thumbnail'><figure class='gallery-item'>\n\t\t\t<div class='gallery-icon landscape'>\n\t\t\t\t<a href='https:\/\/cptafalla.educacion.navarra.es\/web\/proyectos\/el-ciclo-del-agua\/23825971_292347177939763_7035919969962562162_o\/'><img width=\"150\" height=\"150\" src=\"https:\/\/cptafalla.educacion.navarra.es\/web\/wp-content\/uploads\/2018\/03\/23825971_292347177939763_7035919969962562162_o-150x150.jpg\" class=\"attachment-thumbnail size-thumbnail\" alt=\"\" loading=\"lazy\" \/><\/a>\n\t\t\t<\/div><\/figure><figure class='gallery-item'>\n\t\t\t<div class='gallery-icon landscape'>\n\t\t\t\t<a href='https:\/\/cptafalla.educacion.navarra.es\/web\/proyectos\/el-ciclo-del-agua\/23926231_292347361273078_1645027140018126788_o\/'><img width=\"150\" height=\"150\" src=\"https:\/\/cptafalla.educacion.navarra.es\/web\/wp-content\/uploads\/2018\/03\/23926231_292347361273078_1645027140018126788_o-150x150.jpg\" class=\"attachment-thumbnail size-thumbnail\" alt=\"\" loading=\"lazy\" \/><\/a>\n\t\t\t<\/div><\/figure><figure class='gallery-item'>\n\t\t\t<div class='gallery-icon landscape'>\n\t\t\t\t<a href='https:\/\/cptafalla.educacion.navarra.es\/web\/proyectos\/el-ciclo-del-agua\/23826260_292347327939748_1769697394761279057_o\/'><img width=\"150\" height=\"150\" src=\"https:\/\/cptafalla.educacion.navarra.es\/web\/wp-content\/uploads\/2018\/03\/23826260_292347327939748_1769697394761279057_o-150x150.jpg\" class=\"attachment-thumbnail size-thumbnail\" alt=\"\" loading=\"lazy\" \/><\/a>\n\t\t\t<\/div><\/figure><figure class='gallery-item'>\n\t\t\t<div class='gallery-icon landscape'>\n\t\t\t\t<a href='https:\/\/cptafalla.educacion.navarra.es\/web\/proyectos\/el-ciclo-del-agua\/23799979_292347607939720_3004954965549664185_o\/'><img width=\"150\" height=\"150\" src=\"https:\/\/cptafalla.educacion.navarra.es\/web\/wp-content\/uploads\/2018\/03\/23799979_292347607939720_3004954965549664185_o-150x150.jpg\" class=\"attachment-thumbnail size-thumbnail\" alt=\"\" loading=\"lazy\" \/><\/a>\n\t\t\t<\/div><\/figure><figure class='gallery-item'>\n\t\t\t<div class='gallery-icon landscape'>\n\t\t\t\t<a href='https:\/\/cptafalla.educacion.navarra.es\/web\/proyectos\/el-ciclo-del-agua\/23783407_292347667939714_2274454325095726205_o\/'><img width=\"150\" height=\"150\" src=\"https:\/\/cptafalla.educacion.navarra.es\/web\/wp-content\/uploads\/2018\/03\/23783407_292347667939714_2274454325095726205_o-150x150.jpg\" class=\"attachment-thumbnail size-thumbnail\" alt=\"\" loading=\"lazy\" \/><\/a>\n\t\t\t<\/div><\/figure><figure class='gallery-item'>\n\t\t\t<div class='gallery-icon landscape'>\n\t\t\t\t<a href='https:\/\/cptafalla.educacion.navarra.es\/web\/proyectos\/el-ciclo-del-agua\/23783508_292348051273009_7927076160571075360_o\/'><img width=\"150\" height=\"150\" src=\"https:\/\/cptafalla.educacion.navarra.es\/web\/wp-content\/uploads\/2018\/03\/23783508_292348051273009_7927076160571075360_o-150x150.jpg\" class=\"attachment-thumbnail size-thumbnail\" alt=\"\" loading=\"lazy\" \/><\/a>\n\t\t\t<\/div><\/figure><figure class='gallery-item'>\n\t\t\t<div class='gallery-icon landscape'>\n\t\t\t\t<a href='https:\/\/cptafalla.educacion.navarra.es\/web\/proyectos\/el-ciclo-del-agua\/23783558_292348117939669_3509996003234927235_o\/'><img width=\"150\" height=\"150\" src=\"https:\/\/cptafalla.educacion.navarra.es\/web\/wp-content\/uploads\/2018\/03\/23783558_292348117939669_3509996003234927235_o-150x150.jpg\" class=\"attachment-thumbnail size-thumbnail\" alt=\"\" loading=\"lazy\" \/><\/a>\n\t\t\t<\/div><\/figure><figure class='gallery-item'>\n\t\t\t<div class='gallery-icon landscape'>\n\t\t\t\t<a href='https:\/\/cptafalla.educacion.navarra.es\/web\/proyectos\/el-ciclo-del-agua\/23847569_292348147939666_368419588231410421_o\/'><img width=\"150\" height=\"150\" src=\"https:\/\/cptafalla.educacion.navarra.es\/web\/wp-content\/uploads\/2018\/03\/23847569_292348147939666_368419588231410421_o-150x150.jpg\" class=\"attachment-thumbnail size-thumbnail\" alt=\"\" loading=\"lazy\" \/><\/a>\n\t\t\t<\/div><\/figure><figure class='gallery-item'>\n\t\t\t<div class='gallery-icon landscape'>\n\t\t\t\t<a href='https:\/\/cptafalla.educacion.navarra.es\/web\/proyectos\/el-ciclo-del-agua\/23845574_292348161272998_460828139300714861_o\/'><img width=\"150\" height=\"150\" src=\"https:\/\/cptafalla.educacion.navarra.es\/web\/wp-content\/uploads\/2018\/03\/23845574_292348161272998_460828139300714861_o-150x150.jpg\" class=\"attachment-thumbnail size-thumbnail\" alt=\"\" loading=\"lazy\" \/><\/a>\n\t\t\t<\/div><\/figure><figure class='gallery-item'>\n\t\t\t<div class='gallery-icon portrait'>\n\t\t\t\t<a href='https:\/\/cptafalla.educacion.navarra.es\/web\/proyectos\/el-ciclo-del-agua\/23795433_292347844606363_7471946706816439468_n\/'><img width=\"150\" height=\"150\" src=\"https:\/\/cptafalla.educacion.navarra.es\/web\/wp-content\/uploads\/2018\/03\/23795433_292347844606363_7471946706816439468_n-150x150.jpg\" class=\"attachment-thumbnail size-thumbnail\" alt=\"\" loading=\"lazy\" \/><\/a>\n\t\t\t<\/div><\/figure><figure class='gallery-item'>\n\t\t\t<div class='gallery-icon portrait'>\n\t\t\t\t<a href='https:\/\/cptafalla.educacion.navarra.es\/web\/proyectos\/el-ciclo-del-agua\/23794828_292347807939700_7338277873568580729_n\/'><img width=\"150\" height=\"150\" src=\"https:\/\/cptafalla.educacion.navarra.es\/web\/wp-content\/uploads\/2018\/03\/23794828_292347807939700_7338277873568580729_n-150x150.jpg\" class=\"attachment-thumbnail size-thumbnail\" alt=\"\" loading=\"lazy\" \/><\/a>\n\t\t\t<\/div><\/figure><figure class='gallery-item'>\n\t\t\t<div class='gallery-icon portrait'>\n\t\t\t\t<a href='https:\/\/cptafalla.educacion.navarra.es\/web\/proyectos\/el-ciclo-del-agua\/23795174_292347131273101_6470365427444814044_n\/'><img width=\"150\" height=\"150\" src=\"https:\/\/cptafalla.educacion.navarra.es\/web\/wp-content\/uploads\/2018\/03\/23795174_292347131273101_6470365427444814044_n-150x150.jpg\" class=\"attachment-thumbnail size-thumbnail\" alt=\"\" loading=\"lazy\" \/><\/a>\n\t\t\t<\/div><\/figure>\n\t\t<\/div>\n\n","protected":false},"excerpt":{"rendered":"<p>OCTUBRE El gran trabajo realizado el curso 2016-17 en torno al hilo conductor de &#8220;Cuidemos el Medio Ambiente&#8220;,\u00a0 tendr\u00e1\u00a0su continuidad este curso en un plan de trabajo en relaci\u00f3n al agua con la colaboraci\u00f3n de NILSA, para el conocimiento y estudio de nuestro r\u00edo y del Ciclo del agua. Y as\u00ed consta en nuestra Programaci\u00f3n &hellip; <a href=\"https:\/\/cptafalla.educacion.navarra.es\/web\/proyectos\/el-ciclo-del-agua\/\" class=\"more-link\">Seguir leyendo <span class=\"screen-reader-text\">El Ciclo del Agua<\/span> <span class=\"meta-nav\">&rarr;<\/span><\/a><\/p>\n","protected":false},"author":1,"featured_media":0,"parent":636,"menu_order":12,"comment_status":"closed","ping_status":"closed","template":"","meta":[],"_links":{"self":[{"href":"https:\/\/cptafalla.educacion.navarra.es\/web\/wp-json\/wp\/v2\/pages\/2521"}],"collection":[{"href":"https:\/\/cptafalla.educacion.navarra.es\/web\/wp-json\/wp\/v2\/pages"}],"about":[{"href":"https:\/\/cptafalla.educacion.navarra.es\/web\/wp-json\/wp\/v2\/types\/page"}],"author":[{"embeddable":true,"href":"https:\/\/cptafalla.educacion.navarra.es\/web\/wp-json\/wp\/v2\/users\/1"}],"replies":[{"embeddable":true,"href":"https:\/\/cptafalla.educacion.navarra.es\/web\/wp-json\/wp\/v2\/comments?post=2521"}],"version-history":[{"count":10,"href":"https:\/\/cptafalla.educacion.navarra.es\/web\/wp-json\/wp\/v2\/pages\/2521\/revisions"}],"predecessor-version":[{"id":2544,"href":"https:\/\/cptafalla.educacion.navarra.es\/web\/wp-json\/wp\/v2\/pages\/2521\/revisions\/2544"}],"up":[{"embeddable":true,"href":"https:\/\/cptafalla.educacion.navarra.es\/web\/wp-json\/wp\/v2\/pages\/636"}],"wp:attachment":[{"href":"https:\/\/cptafalla.educacion.navarra.es\/web\/wp-json\/wp\/v2\/media?parent=2521"}],"curies":[{"name":"wp","href":"https:\/\/api.w.org\/{rel}","templated":true}]}}