{"id":2330,"date":"2017-10-25T11:04:43","date_gmt":"2017-10-25T09:04:43","guid":{"rendered":"http:\/\/cptafalla.educacion.navarra.es\/web\/?page_id=2330"},"modified":"2018-03-01T13:00:28","modified_gmt":"2018-03-01T12:00:28","slug":"proyecto-de-igualdad","status":"publish","type":"page","link":"https:\/\/cptafalla.educacion.navarra.es\/web\/proyectos\/proyecto-de-igualdad\/","title":{"rendered":"Igualdad"},"content":{"rendered":"<p>Dentro del Proyecto de Igualdad en el que estamos trabajando los centros de Educaci\u00f3n Infantil y Primaria con la Concejal\u00eda de Igualdad, aqu\u00ed ten\u00e9is el enlace a la encuesta del alumnado:<\/p>\n<p><a href=\"https:\/\/docs.google.com\/forms\/d\/e\/1FAIpQLSeuUdCu7toJwFLNDPoad84Qqw7QElvnSZVTh-mTvpCebH6K5A\/viewform\" target=\"_blank\" rel=\"noopener\">ENCUESTA SOLO PARA 3\u00ba, 4\u00ba, 5\u00ba Y 6\u00ba<\/a><\/p>\n","protected":false},"excerpt":{"rendered":"<p>Dentro del Proyecto de Igualdad en el que estamos trabajando los centros de Educaci\u00f3n Infantil y Primaria con la Concejal\u00eda de Igualdad, aqu\u00ed ten\u00e9is el enlace a la encuesta del alumnado: ENCUESTA SOLO PARA 3\u00ba, 4\u00ba, 5\u00ba Y 6\u00ba<\/p>\n","protected":false},"author":1,"featured_media":0,"parent":636,"menu_order":20,"comment_status":"closed","ping_status":"closed","template":"","meta":[],"_links":{"self":[{"href":"https:\/\/cptafalla.educacion.navarra.es\/web\/wp-json\/wp\/v2\/pages\/2330"}],"collection":[{"href":"https:\/\/cptafalla.educacion.navarra.es\/web\/wp-json\/wp\/v2\/pages"}],"about":[{"href":"https:\/\/cptafalla.educacion.navarra.es\/web\/wp-json\/wp\/v2\/types\/page"}],"author":[{"embeddable":true,"href":"https:\/\/cptafalla.educacion.navarra.es\/web\/wp-json\/wp\/v2\/users\/1"}],"replies":[{"embeddable":true,"href":"https:\/\/cptafalla.educacion.navarra.es\/web\/wp-json\/wp\/v2\/comments?post=2330"}],"version-history":[{"count":3,"href":"https:\/\/cptafalla.educacion.navarra.es\/web\/wp-json\/wp\/v2\/pages\/2330\/revisions"}],"predecessor-version":[{"id":2333,"href":"https:\/\/cptafalla.educacion.navarra.es\/web\/wp-json\/wp\/v2\/pages\/2330\/revisions\/2333"}],"up":[{"embeddable":true,"href":"https:\/\/cptafalla.educacion.navarra.es\/web\/wp-json\/wp\/v2\/pages\/636"}],"wp:attachment":[{"href":"https:\/\/cptafalla.educacion.navarra.es\/web\/wp-json\/wp\/v2\/media?parent=2330"}],"curies":[{"name":"wp","href":"https:\/\/api.w.org\/{rel}","templated":true}]}}