{"id":224,"date":"2014-09-30T11:17:08","date_gmt":"2014-09-30T09:17:08","guid":{"rendered":"http:\/\/cptafalla.educacion.navarra.es\/web\/?page_id=224"},"modified":"2018-03-01T13:03:37","modified_gmt":"2018-03-01T12:03:37","slug":"salud","status":"publish","type":"page","link":"https:\/\/cptafalla.educacion.navarra.es\/web\/proyectos\/salud\/","title":{"rendered":"SALUD"},"content":{"rendered":"<p>Uno de nuestros principales objetivos es el de trabajar por una escuela saludable, desde la premisa de la seguridad, promoviendo la salud y h\u00e1bitos saludables, la educaci\u00f3n por el desarrollo y el crecimiento personal.<\/p>\n<p>Para poder proponer objetivos adecuados a la realidad del centro, comenzamos con una encuesta sobre h\u00e1bitos saludables con un muestreo de 60 familias:<\/p>\n<p><a href=\"https:\/\/cptafalla.educacion.navarra.es\/web\/wp-content\/uploads\/2014\/09\/resumen-resultados-para-las-familias.pdf\" target=\"_blank\">An\u00e1lisis de la encuesta.<\/a><\/p>\n<p><a href=\"https:\/\/cptafalla.educacion.navarra.es\/web\/wp-content\/uploads\/2014\/09\/Resultado-encuestas-noviembre.pdf\" target=\"_blank\">Resultados de la encuesta: datos y gr\u00e1ficas.<\/a><\/p>\n<h1><span style=\"font-size: 22px; font-weight: bold; line-height: 1.0909090909;\">Tafalla por la Salud<\/span><\/h1>\n<p><a href=\"https:\/\/cptafalla.educacion.navarra.es\/web\/wp-content\/uploads\/2015\/01\/TAFALLA-POR-LA-SALUD-PRESENTACION.pdf\" target=\"_blank\">Presentaci\u00f3n del Grupo de Trabajo.<\/a><\/p>\n<p>Nuestro centro pertenece a este grupo de trabajo cuyo proyecto de intervenci\u00f3n comunitaria implica a los servicios de salud, centros escolares e instituciones deportivas, con el objetivo de lograr mayores niveles de salud en la poblaci\u00f3n, con la promoci\u00f3n de h\u00e1bitos de vida saludables.<\/p>\n<p>Desde el principio, el planteamiento es el de trabajar en red: la salud no est\u00e1 \u00fanicamente vinculada al \u00e1mbito sanitario, sino tambi\u00e9n a la participaci\u00f3n de las personas y grupos, as\u00ed como a la implantaci\u00f3n de pol\u00edticas saludables por parte de las administraciones p\u00fablicas. De ah\u00ed la importancia de incidir no s\u00f3lo en la persona sino tambi\u00e9n en su entorno, partiendo de la propia comunidad, potenciando, coordinando y utilizando sus propios recursos.<\/p>\n<p><a href=\"https:\/\/cptafalla.educacion.navarra.es\/web\/wp-content\/uploads\/2014\/09\/Comer-sano-moverse-y-crecer-con-salud.pdf\" target=\"_blank\">Folleto &#8216;Comer sano, moverse y crecer con salud<\/a>&#8216;<\/p>\n<h4><span style=\"font-size: 20px; font-weight: bold; line-height: 1.2;\">Campa\u00f1a\u00a0&#8216;La salud est\u00e1 en tu mano&#8217;<\/span><\/h4>\n<p><a style=\"font-size: 22px; font-weight: bold; line-height: 1.0909090909;\" href=\"https:\/\/cptafalla.educacion.navarra.es\/web\/wp-content\/uploads\/2014\/09\/MANO.jpg\"><img loading=\"lazy\" src=\"https:\/\/cptafalla.educacion.navarra.es\/web\/wp-content\/uploads\/2014\/09\/MANO-225x300.jpg\" alt=\"MANO\" width=\"225\" height=\"300\" \/><\/a><\/p>\n<p>Con este lema queremos poner de relieve la importancia del cuidado de la salud desde edades tempranas y que este cuidado est\u00e1, fundamentalmente, en nuestra propia mano.<\/p>\n<p>Los objetivos son: conseguir una mayor implicaci\u00f3n en el cuidado de la salud desde edades tempranas; promover estilos de vida saludables, incidiendo en dieta, higiene, sue\u00f1o y ejercicio f\u00edsico; disminuir la prevalencia de obesidad-sobrepeso; y propiciar la implicaci\u00f3n, coordinaci\u00f3n y rentabilizaci\u00f3n de todos los recursos existentes en el entorno.<\/p>\n<p>Actuaciones: promover la inscripci\u00f3n en la oferta de actividades deportivas; fomentar la dieta saludable, haciendo especial hincapi\u00e9 en desayunos y almuerzos; trabajar los h\u00e1bitos saludables en la higiene y el sue\u00f1o; y aumentar el ejercicio f\u00edsico.<\/p>\n<p><a style=\"line-height: 1.5;\" href=\"https:\/\/cptafalla.educacion.navarra.es\/web\/wp-content\/uploads\/2014\/09\/FOLLETO-DEFINITIVO.pdf\" target=\"_blank\">Folleto &#8216;La salud est\u00e1 en tu mano&#8217;<\/a><\/p>\n<h1><span style=\"font-size: 20px; font-weight: bold; line-height: 1.2;\">&#8216;Vuelta al cole&#8230; con salud&#8217;<\/span><\/h1>\n<p>Documento del Gobierno de Navarra, \u00a0en diferentes idiomas, en el que se ofrecen algunas consideraciones generales para la vuelta al cole saludable sobre: alimentaci\u00f3n, ejercicio f\u00edsico, higiene, afectividad y sexualidad, seguridad y prevenci\u00f3n de accidentes, actividad y descanso, convivencia y, por \u00faltimo, entorno.<\/p>\n<p><span style=\"line-height: 1.5;\"><a href=\"https:\/\/cptafalla.educacion.navarra.es\/web\/wp-content\/uploads\/2014\/09\/Vuelta_al_cole_arabe1.pdf\" target=\"_blank\">Vuelta_al_cole_\u00e1rabe<\/a>\u00a0 \u00a0 \u00a0 \u00a0 \u00a0 \u00a0 \u00a0 \u00a0\u00a0<\/span><span style=\"line-height: 1.5;\"><a href=\"https:\/\/cptafalla.educacion.navarra.es\/web\/wp-content\/uploads\/2014\/09\/Vuelta_al_cole_bulgaro1.pdf\" target=\"_blank\">Vuelta_al_cole_b\u00falgaro<\/a>\u00a0<\/span><\/p>\n<p><span style=\"line-height: 1.5;\"><a href=\"https:\/\/cptafalla.educacion.navarra.es\/web\/wp-content\/uploads\/2014\/09\/Vuelta_al_cole_castellano1.pdf\" target=\"_blank\">Vuelta_al_cole_castellano<\/a>\u00a0 \u00a0 \u00a0\u00a0<\/span><span style=\"line-height: 1.5;\"><a href=\"https:\/\/cptafalla.educacion.navarra.es\/web\/wp-content\/uploads\/2014\/09\/Vuelta_al_cole_euskera1.pdf\" target=\"_blank\">Vuelta_al_cole_euskera<\/a><\/span><\/p>\n<p><span style=\"line-height: 1.5;\"> <a href=\"https:\/\/cptafalla.educacion.navarra.es\/web\/wp-content\/uploads\/2014\/09\/Vuelta_al_cole_frances1.pdf\" target=\"_blank\">Vuelta_al_cole_franc\u00e9s<\/a>\u00a0 \u00a0 \u00a0 \u00a0 \u00a0 \u00a0\u00a0<\/span><span style=\"line-height: 1.5;\"><a href=\"https:\/\/cptafalla.educacion.navarra.es\/web\/wp-content\/uploads\/2014\/09\/Vuelta_al_cole_ingles1.pdf\" target=\"_blank\">Vuelta_al_cole_ingl\u00e9s<\/a><\/span><\/p>\n<p><span style=\"line-height: 1.5;\"><a href=\"https:\/\/cptafalla.educacion.navarra.es\/web\/wp-content\/uploads\/2014\/09\/Vuelta_al_cole_rumano1.pdf\" target=\"_blank\">Vuelta_al_cole_rumano<\/a> <\/span><\/p>\n<h1>Piojos<\/h1>\n<p>Informaciones y recomendaciones al respecto:<\/p>\n<p><span style=\"line-height: 1.5;\"><a href=\"https:\/\/cptafalla.educacion.navarra.es\/web\/wp-content\/uploads\/2014\/09\/Documento-Departamento-de-Educacion-Piojos.pdf\">Documento del Departamento de Educacion sobre Piojos<\/a><\/span><\/p>\n<p>&nbsp;<\/p>\n","protected":false},"excerpt":{"rendered":"<p>Uno de nuestros principales objetivos es el de trabajar por una escuela saludable, desde la premisa de la seguridad, promoviendo la salud y h\u00e1bitos saludables, la educaci\u00f3n por el desarrollo y el crecimiento personal. Para poder proponer objetivos adecuados a la realidad del centro, comenzamos con una encuesta sobre h\u00e1bitos saludables con un muestreo de &hellip; <a href=\"https:\/\/cptafalla.educacion.navarra.es\/web\/proyectos\/salud\/\" class=\"more-link\">Seguir leyendo <span class=\"screen-reader-text\">SALUD<\/span> <span class=\"meta-nav\">&rarr;<\/span><\/a><\/p>\n","protected":false},"author":1,"featured_media":0,"parent":636,"menu_order":26,"comment_status":"closed","ping_status":"closed","template":"","meta":[],"_links":{"self":[{"href":"https:\/\/cptafalla.educacion.navarra.es\/web\/wp-json\/wp\/v2\/pages\/224"}],"collection":[{"href":"https:\/\/cptafalla.educacion.navarra.es\/web\/wp-json\/wp\/v2\/pages"}],"about":[{"href":"https:\/\/cptafalla.educacion.navarra.es\/web\/wp-json\/wp\/v2\/types\/page"}],"author":[{"embeddable":true,"href":"https:\/\/cptafalla.educacion.navarra.es\/web\/wp-json\/wp\/v2\/users\/1"}],"replies":[{"embeddable":true,"href":"https:\/\/cptafalla.educacion.navarra.es\/web\/wp-json\/wp\/v2\/comments?post=224"}],"version-history":[{"count":16,"href":"https:\/\/cptafalla.educacion.navarra.es\/web\/wp-json\/wp\/v2\/pages\/224\/revisions"}],"predecessor-version":[{"id":708,"href":"https:\/\/cptafalla.educacion.navarra.es\/web\/wp-json\/wp\/v2\/pages\/224\/revisions\/708"}],"up":[{"embeddable":true,"href":"https:\/\/cptafalla.educacion.navarra.es\/web\/wp-json\/wp\/v2\/pages\/636"}],"wp:attachment":[{"href":"https:\/\/cptafalla.educacion.navarra.es\/web\/wp-json\/wp\/v2\/media?parent=224"}],"curies":[{"name":"wp","href":"https:\/\/api.w.org\/{rel}","templated":true}]}}