{"id":199,"date":"2014-09-24T00:23:38","date_gmt":"2014-09-23T22:23:38","guid":{"rendered":"http:\/\/cptafalla.educacion.navarra.es\/web\/?page_id=199"},"modified":"2024-07-03T13:49:29","modified_gmt":"2024-07-03T11:49:29","slug":"cursos-y-departamentos","status":"publish","type":"page","link":"https:\/\/cptafalla.educacion.navarra.es\/web\/cursos-y-departamentos\/","title":{"rendered":"NUESTROS BLOGS\/ GURE BLOGAK"},"content":{"rendered":"<p><a href=\"https:\/\/sites.google.com\/educacion.navarra.es\/iptafalla-d-eredua\/p%C3%A1gina-principal\" target=\"_blank\" rel=\"noopener\">D EREDUA \/ MODELO D<\/a><\/p>\n<p>EDUCACI\u00d3N INFANTIL<\/p>\n<p><a href=\"https:\/\/sites.google.com\/a\/educacion.navarra.es\/blog-2o-de-e-infantil-2018-2019\/\" target=\"_blank\" rel=\"noopener\">2.\u00ba Educaci\u00f3n Infantil (2018-19)<\/a><\/p>\n<p>EDUCACI\u00d3N PRIMARIA<\/p>\n<p>AULA DE TRANSICI\u00d3N<\/p>\n<p><a href=\"http:\/\/cptafallaingles.blogspot.com.es\/\" target=\"_blank\" rel=\"noopener\">INGL\u00c9S<\/a><\/p>\n<p><a href=\"https:\/\/sites.google.com\/a\/educacion.navarra.es\/educacion-fisica-maite-larrea\/\" target=\"_blank\" rel=\"noopener\">EDUCACI\u00d3N F\u00cdSICA<\/a><\/p>\n<p>M\u00daSICA<\/p>\n<p><a href=\"https:\/\/sites.google.com\/a\/educacion.navarra.es\/cptafallaeuskara\/\" target=\"_blank\" rel=\"noopener\">MODELO A<\/a><\/p>\n<p>RELIGI\u00d3N<\/p>\n","protected":false},"excerpt":{"rendered":"<p>D EREDUA \/ MODELO D EDUCACI\u00d3N INFANTIL 2.\u00ba Educaci\u00f3n Infantil (2018-19) EDUCACI\u00d3N PRIMARIA AULA DE TRANSICI\u00d3N INGL\u00c9S EDUCACI\u00d3N F\u00cdSICA M\u00daSICA MODELO A RELIGI\u00d3N<\/p>\n","protected":false},"author":1,"featured_media":0,"parent":0,"menu_order":4,"comment_status":"closed","ping_status":"closed","template":"","meta":[],"_links":{"self":[{"href":"https:\/\/cptafalla.educacion.navarra.es\/web\/wp-json\/wp\/v2\/pages\/199"}],"collection":[{"href":"https:\/\/cptafalla.educacion.navarra.es\/web\/wp-json\/wp\/v2\/pages"}],"about":[{"href":"https:\/\/cptafalla.educacion.navarra.es\/web\/wp-json\/wp\/v2\/types\/page"}],"author":[{"embeddable":true,"href":"https:\/\/cptafalla.educacion.navarra.es\/web\/wp-json\/wp\/v2\/users\/1"}],"replies":[{"embeddable":true,"href":"https:\/\/cptafalla.educacion.navarra.es\/web\/wp-json\/wp\/v2\/comments?post=199"}],"version-history":[{"count":12,"href":"https:\/\/cptafalla.educacion.navarra.es\/web\/wp-json\/wp\/v2\/pages\/199\/revisions"}],"predecessor-version":[{"id":9074,"href":"https:\/\/cptafalla.educacion.navarra.es\/web\/wp-json\/wp\/v2\/pages\/199\/revisions\/9074"}],"wp:attachment":[{"href":"https:\/\/cptafalla.educacion.navarra.es\/web\/wp-json\/wp\/v2\/media?parent=199"}],"curies":[{"name":"wp","href":"https:\/\/api.w.org\/{rel}","templated":true}]}}