{"id":177,"date":"2014-09-14T20:22:06","date_gmt":"2014-09-14T18:22:06","guid":{"rendered":"http:\/\/cptafalla.educacion.navarra.es\/web\/?page_id=177"},"modified":"2025-08-27T09:32:55","modified_gmt":"2025-08-27T07:32:55","slug":"apyma","status":"publish","type":"page","link":"https:\/\/cptafalla.educacion.navarra.es\/web\/el-colegio-2\/apyma\/","title":{"rendered":"APYMA"},"content":{"rendered":"<h4>APYMA ROMERALES<\/h4>\n<p>La APYMA Romerales est\u00e1 formada por padres y madres del alumnado de este colegio, con ganas de trabajar para hacer de \u201cComarcales\u201d un colegio cada vez m\u00e1s integrador, que aprovecha la diversidad que le caracteriza, como un elemento enriquecedor para toda la comunidad educativa.<\/p>\n<p>Entendemos que la participaci\u00f3n es muy importante y repercute notablemente en el buen funcionamiento del colegio. Colaboraremos para que la comunicaci\u00f3n entre las familias y el centro escolar sea fluida y permanente porque creemos que mejora la din\u00e1mica escolar. Principalmente, las actividades que promueve la APYMA son: extraescolares, servicio de comedor, transporte en Tafalla, charlas familias, etc.<\/p>\n<p>La APYMA est\u00e1 compuesta por una o dos personas representantes de cada aula, de manera que se garantiza una comunicaci\u00f3n fluida con todas las familias. Este periodo de colaboraci\u00f3n tendr\u00e1 una duraci\u00f3n de dos a\u00f1os, para que as\u00ed, vayan cogiendo el testigo otras familias y la responsabilidad vaya rotando.<\/p>\n<p>Si no eres una persona representante de un aula, y tienes ganas de echar una mano en cualquier actividad que organicemos, \u00a1nos encantar\u00e1 que nos lo hagas saber!<\/p>\n<p>Tambi\u00e9n ponemos a vuestra disposici\u00f3n una direcci\u00f3n de correo electr\u00f3nico, donde nos pod\u00e9is trasladar vuestras propuestas, dudas, quejas y sugerencias: <a href=\"apymaromerales@herrikoa.org\">apymaromerales@herrikoa.org <\/a>o\u00a0 romeralesapymainfo@gmail.com . Y si prefer\u00eds hacerlo de forma an\u00f3nima, pod\u00e9is utilizar el buz\u00f3n ubicado en la puerta de la APYMA.<\/p>\n<p><a href=\"https:\/\/apymaromerales.wordpress.com\/\" target=\"_blank\" rel=\"noopener noreferrer\">Web de la APYMA<\/a><\/p>\n<p style=\"padding-left: 30px;\">\n","protected":false},"excerpt":{"rendered":"<p>APYMA ROMERALES La APYMA Romerales est\u00e1 formada por padres y madres del alumnado de este colegio, con ganas de trabajar para hacer de \u201cComarcales\u201d un colegio cada vez m\u00e1s integrador, que aprovecha la diversidad que le caracteriza, como un elemento enriquecedor para toda la comunidad educativa. Entendemos que la participaci\u00f3n es muy importante y repercute &hellip; <a href=\"https:\/\/cptafalla.educacion.navarra.es\/web\/el-colegio-2\/apyma\/\" class=\"more-link\">Seguir leyendo <span class=\"screen-reader-text\">APYMA<\/span> <span class=\"meta-nav\">&rarr;<\/span><\/a><\/p>\n","protected":false},"author":1,"featured_media":0,"parent":392,"menu_order":2,"comment_status":"closed","ping_status":"closed","template":"","meta":[],"_links":{"self":[{"href":"https:\/\/cptafalla.educacion.navarra.es\/web\/wp-json\/wp\/v2\/pages\/177"}],"collection":[{"href":"https:\/\/cptafalla.educacion.navarra.es\/web\/wp-json\/wp\/v2\/pages"}],"about":[{"href":"https:\/\/cptafalla.educacion.navarra.es\/web\/wp-json\/wp\/v2\/types\/page"}],"author":[{"embeddable":true,"href":"https:\/\/cptafalla.educacion.navarra.es\/web\/wp-json\/wp\/v2\/users\/1"}],"replies":[{"embeddable":true,"href":"https:\/\/cptafalla.educacion.navarra.es\/web\/wp-json\/wp\/v2\/comments?post=177"}],"version-history":[{"count":10,"href":"https:\/\/cptafalla.educacion.navarra.es\/web\/wp-json\/wp\/v2\/pages\/177\/revisions"}],"predecessor-version":[{"id":9862,"href":"https:\/\/cptafalla.educacion.navarra.es\/web\/wp-json\/wp\/v2\/pages\/177\/revisions\/9862"}],"up":[{"embeddable":true,"href":"https:\/\/cptafalla.educacion.navarra.es\/web\/wp-json\/wp\/v2\/pages\/392"}],"wp:attachment":[{"href":"https:\/\/cptafalla.educacion.navarra.es\/web\/wp-json\/wp\/v2\/media?parent=177"}],"curies":[{"name":"wp","href":"https:\/\/api.w.org\/{rel}","templated":true}]}}