{"id":174,"date":"2014-09-14T20:12:38","date_gmt":"2014-09-14T18:12:38","guid":{"rendered":"http:\/\/cptafalla.educacion.navarra.es\/web\/?page_id=174"},"modified":"2026-02-09T13:10:38","modified_gmt":"2026-02-09T12:10:38","slug":"datos","status":"publish","type":"page","link":"https:\/\/cptafalla.educacion.navarra.es\/web\/informaciones\/datos\/","title":{"rendered":"N\u00daMERO ALUMNADO"},"content":{"rendered":"<!-- PDF Embedder: Please provide an \"URL\" attribute in your shortcode. -->\n\n<!-- PDF Embedder: Please provide an \"URL\" attribute in your shortcode. -->\n\n<h2>Curso 2025-2026<\/h2>\n<h2>Modelo D<\/h2>\n<h5>Haur Hezkuntza<\/h5>\n<p>N\u00famero de aulas: 3<\/p>\n<p>N\u00famero de alumnos y alumnas: 54<\/p>\n<h5>Lehen Hezkuntza<\/h5>\n<h5>Modelo D<\/h5>\n<p>N\u00famero de aulas: 6<\/p>\n<p>N\u00famero de alumnos y alumnas: 94<\/p>\n<h2>Modelos A\/G<\/h2>\n<h5>Educaci\u00f3n Infantil<\/h5>\n<p style=\"padding-left: 30px;\">N\u00famero de aulas: 5<\/p>\n<p style=\"padding-left: 30px;\">N\u00famero de alumnos y alumnas: 78<\/p>\n<h5>Educaci\u00f3n Primaria<\/h5>\n<p style=\"padding-left: 30px;\">N\u00famero de aulas: 12<\/p>\n<p style=\"padding-left: 30px;\">N\u00famero de alumnos y alumnas: 262<\/p>\n<h4>Otras aulas<\/h4>\n<p style=\"padding-left: 30px;\">Unidad de Transici\u00f3n con 2 alumno y 2 alumna<\/p>\n<h4>Total Centro<\/h4>\n<p><strong>N\u00famero de alumnos y alumnas: 492<\/strong><\/p>","protected":false},"excerpt":{"rendered":"<p>Curso 2025-2026 Modelo D Haur Hezkuntza N\u00famero de aulas: 3 N\u00famero de alumnos y alumnas: 54 Lehen Hezkuntza Modelo D N\u00famero de aulas: 6 N\u00famero de alumnos y alumnas: 94 Modelos A\/G Educaci\u00f3n Infantil N\u00famero de aulas: 5 N\u00famero de alumnos y alumnas: 78 Educaci\u00f3n Primaria N\u00famero de aulas: 12 N\u00famero de alumnos y alumnas: &hellip; <a href=\"https:\/\/cptafalla.educacion.navarra.es\/web\/informaciones\/datos\/\" class=\"more-link\">Seguir leyendo <span class=\"screen-reader-text\">N\u00daMERO ALUMNADO<\/span> <span class=\"meta-nav\">&rarr;<\/span><\/a><\/p>\n","protected":false},"author":1,"featured_media":0,"parent":132,"menu_order":7,"comment_status":"closed","ping_status":"closed","template":"","meta":[],"_links":{"self":[{"href":"https:\/\/cptafalla.educacion.navarra.es\/web\/wp-json\/wp\/v2\/pages\/174"}],"collection":[{"href":"https:\/\/cptafalla.educacion.navarra.es\/web\/wp-json\/wp\/v2\/pages"}],"about":[{"href":"https:\/\/cptafalla.educacion.navarra.es\/web\/wp-json\/wp\/v2\/types\/page"}],"author":[{"embeddable":true,"href":"https:\/\/cptafalla.educacion.navarra.es\/web\/wp-json\/wp\/v2\/users\/1"}],"replies":[{"embeddable":true,"href":"https:\/\/cptafalla.educacion.navarra.es\/web\/wp-json\/wp\/v2\/comments?post=174"}],"version-history":[{"count":55,"href":"https:\/\/cptafalla.educacion.navarra.es\/web\/wp-json\/wp\/v2\/pages\/174\/revisions"}],"predecessor-version":[{"id":10232,"href":"https:\/\/cptafalla.educacion.navarra.es\/web\/wp-json\/wp\/v2\/pages\/174\/revisions\/10232"}],"up":[{"embeddable":true,"href":"https:\/\/cptafalla.educacion.navarra.es\/web\/wp-json\/wp\/v2\/pages\/132"}],"wp:attachment":[{"href":"https:\/\/cptafalla.educacion.navarra.es\/web\/wp-json\/wp\/v2\/media?parent=174"}],"curies":[{"name":"wp","href":"https:\/\/api.w.org\/{rel}","templated":true}]}}