{"id":150,"date":"2014-09-14T18:17:27","date_gmt":"2014-09-14T16:17:27","guid":{"rendered":"http:\/\/cptafalla.educacion.navarra.es\/web\/?page_id=150"},"modified":"2018-03-01T13:03:02","modified_gmt":"2018-03-01T12:03:02","slug":"autismo","status":"publish","type":"page","link":"https:\/\/cptafalla.educacion.navarra.es\/web\/proyectos\/autismo\/","title":{"rendered":"TDAH, Autismo, T.E.A."},"content":{"rendered":"<h4>Proyectos, documentos y enlaces de inter\u00e9s:<\/h4>\n<p>Entender y atender al alumnado con d\u00e9ficit de atenci\u00f3n e hiperactividad:\u00a0<a href=\"https:\/\/cptafalla.educacion.navarra.es\/web\/wp-content\/uploads\/2014\/09\/guia_tdah.pdf\" target=\"_blank\" rel=\"noopener\">Gu\u00eda TDAH del Gobierno de Navarra<\/a>.<\/p>\n<p><a href=\"https:\/\/cptafalla.educacion.navarra.es\/web\/wp-content\/uploads\/2014\/09\/JuegoCompartido.pdf\" target=\"_blank\" rel=\"noopener\">Proyecto de Juego compartido<\/a><\/p>\n<p><a style=\"line-height: 1.5;\" href=\"https:\/\/cptafalla.educacion.navarra.es\/web\/wp-content\/uploads\/2014\/09\/El-Colegio-P\u00fablico-de-Tafalla-se-ti\u00f1e-de-azul-por-el-Autismo.pdf\">El Colegio P\u00fablico de Tafalla se ti\u00f1e de azul por el Autismo.<\/a><\/p>\n<p><a href=\"https:\/\/cptafalla.educacion.navarra.es\/web\/wp-content\/uploads\/2014\/09\/Mi-hermano-tiene-autismo.pdf\">Mi hermano tiene autismo.<\/a><\/p>\n<p><a href=\"https:\/\/cptafalla.educacion.navarra.es\/web\/wp-content\/uploads\/2014\/09\/C\u00f3mo-explicar-a-un-hijo-y-a-sus-compa\u00f1eros-de-clase-qu\u00e9-es-el-autismo.pdf\">C\u00f3mo explicar a un hijo y a sus compa\u00f1eros de clase qu\u00e9 es el autismo.<\/a><\/p>\n<p><a href=\"http:\/\/issuu.com\/pili_fern_ndez\/docs\/estrategias_simples_que_funcionan\" target=\"_blank\" rel=\"noopener\">Estrategias simples que funcionan.<\/a><\/p>\n<p><a href=\"http:\/\/www.educayaprende.com\/fichas-didacticas-para-trabajar-el-autismo-expresion-y-comprension-de-las-emociones\/\" target=\"_blank\" rel=\"noopener\">Fichas para trabajar la expresi\u00f3n y comprensi\u00f3n de emociones.<\/a><\/p>\n<p><a href=\"http:\/\/www.autismspeaks.org\/sites\/default\/files\/grandparents_spanish_0.pdf\" target=\"_blank\" rel=\"noopener\">Autismo. Una gu\u00eda para abuelos.<\/a><\/p>\n<p><a href=\" http:\/\/cuentoscancionespicto.blogspot.com.es\/\" target=\"_blank\" rel=\"noopener\">Cuentos con pictos.<\/a><\/p>\n<p><span style=\"line-height: 1.5;\">\u00a0<\/span><a style=\"line-height: 1.5;\" href=\"https:\/\/www.youtube.com\/watch?v=tjYrrIgNaGE\">\u201cSEGUIDME\u201d. \u00a0Cap\u00edtulo de CAILLOU donde trata c\u00f3mo se siente un ni\u00f1o con autismo.<\/a><\/p>\n<p><a href=\"http:\/\/cosquillitasenlapanza2011.blogspot.com.es\/2013\/04\/enlaces-para-descargar-material-para.html?spref=fb\" target=\"_blank\" rel=\"noopener\"><span style=\"line-height: 1.5;\">Material para TEA.<\/span><\/a><\/p>\n<p>&nbsp;<\/p>\n","protected":false},"excerpt":{"rendered":"<p>Proyectos, documentos y enlaces de inter\u00e9s: Entender y atender al alumnado con d\u00e9ficit de atenci\u00f3n e hiperactividad:\u00a0Gu\u00eda TDAH del Gobierno de Navarra. Proyecto de Juego compartido El Colegio P\u00fablico de Tafalla se ti\u00f1e de azul por el Autismo. Mi hermano tiene autismo. C\u00f3mo explicar a un hijo y a sus compa\u00f1eros de clase qu\u00e9 es &hellip; <a href=\"https:\/\/cptafalla.educacion.navarra.es\/web\/proyectos\/autismo\/\" class=\"more-link\">Seguir leyendo <span class=\"screen-reader-text\">TDAH, Autismo, T.E.A.<\/span> <span class=\"meta-nav\">&rarr;<\/span><\/a><\/p>\n","protected":false},"author":1,"featured_media":0,"parent":636,"menu_order":24,"comment_status":"closed","ping_status":"closed","template":"","meta":[],"_links":{"self":[{"href":"https:\/\/cptafalla.educacion.navarra.es\/web\/wp-json\/wp\/v2\/pages\/150"}],"collection":[{"href":"https:\/\/cptafalla.educacion.navarra.es\/web\/wp-json\/wp\/v2\/pages"}],"about":[{"href":"https:\/\/cptafalla.educacion.navarra.es\/web\/wp-json\/wp\/v2\/types\/page"}],"author":[{"embeddable":true,"href":"https:\/\/cptafalla.educacion.navarra.es\/web\/wp-json\/wp\/v2\/users\/1"}],"replies":[{"embeddable":true,"href":"https:\/\/cptafalla.educacion.navarra.es\/web\/wp-json\/wp\/v2\/comments?post=150"}],"version-history":[{"count":8,"href":"https:\/\/cptafalla.educacion.navarra.es\/web\/wp-json\/wp\/v2\/pages\/150\/revisions"}],"predecessor-version":[{"id":2373,"href":"https:\/\/cptafalla.educacion.navarra.es\/web\/wp-json\/wp\/v2\/pages\/150\/revisions\/2373"}],"up":[{"embeddable":true,"href":"https:\/\/cptafalla.educacion.navarra.es\/web\/wp-json\/wp\/v2\/pages\/636"}],"wp:attachment":[{"href":"https:\/\/cptafalla.educacion.navarra.es\/web\/wp-json\/wp\/v2\/media?parent=150"}],"curies":[{"name":"wp","href":"https:\/\/api.w.org\/{rel}","templated":true}]}}