{"id":140,"date":"2014-09-14T18:08:15","date_gmt":"2014-09-14T16:08:15","guid":{"rendered":"http:\/\/cptafalla.educacion.navarra.es\/web\/?page_id=140"},"modified":"2018-03-01T13:03:12","modified_gmt":"2018-03-01T12:03:12","slug":"aula-abierta","status":"publish","type":"page","link":"https:\/\/cptafalla.educacion.navarra.es\/web\/proyectos\/aula-abierta\/","title":{"rendered":"Aula Abierta"},"content":{"rendered":"<p>El Aula Abierta es una propuesta metodol\u00f3gica y organizativa que el Centro present\u00f3 al Departamento de Educaci\u00f3n para el curso 2012-2013 y que obtuvo el aval y respaldo de la Direcci\u00f3n General de Educaci\u00f3n.<\/p>\n<p>Si la integraci\u00f3n es la adaptaci\u00f3n de la persona al entorno y la inclusi\u00f3n es la adaptaci\u00f3n del entrono a la persona, la nuestra es una apuesta de inclusi\u00f3n de dos ACNEE (alumnos con necesidades educativas especiales) en el entorno del Aula Abierta y la integraci\u00f3n a la inversa del resto de sus compa\u00f1eros de las aulas ordinarias.<\/p>\n<p>La profesora de pedagog\u00eda terap\u00e9utica (de las horas de PT asignadas a esos dos ni\u00f1os) imparte las asignaturas de Naturales y Sociales a los dos ACNEE y, en cada tema, a seis alumnos de sus clases de referencia.<\/p>\n<p>Partiendo de los contenidos m\u00ednimos de la programaci\u00f3n del tema correspondiente, hecha en coordinaci\u00f3n con las tutoras, se busca el aprendizaje social y la adquisici\u00f3n de competencias y est\u00e1ndares, a trav\u00e9s de un trabajo vivencial, manipulativo y experiencial.<\/p>\n<p><a style=\"line-height: 1.5;\" href=\"https:\/\/cptafalla.educacion.navarra.es\/web\/wp-content\/uploads\/2014\/09\/AULA_ABIERTA.pdf\" target=\"_blank\">Para ver el documento del AULA ABIERTA, <em>pincha aqu\u00ed<\/em>.<\/a><\/p>\n<p>El Aula Abierta en la Apertura del Curso Escolar de Navarra 2014:<\/p>\n<p><a href=\"https:\/\/cptafalla.educacion.navarra.es\/web\/wp-content\/uploads\/2014\/09\/Apertura_curso_Noticias.jpg\"><img loading=\"lazy\" class=\"alignnone size-full wp-image-279\" alt=\"Apertura_curso_Noticias\" src=\"https:\/\/cptafalla.educacion.navarra.es\/web\/wp-content\/uploads\/2014\/09\/Apertura_curso_Noticias.jpg\" width=\"2292\" height=\"2924\" srcset=\"https:\/\/cptafalla.educacion.navarra.es\/web\/wp-content\/uploads\/2014\/09\/Apertura_curso_Noticias.jpg 2292w, https:\/\/cptafalla.educacion.navarra.es\/web\/wp-content\/uploads\/2014\/09\/Apertura_curso_Noticias-235x300.jpg 235w, https:\/\/cptafalla.educacion.navarra.es\/web\/wp-content\/uploads\/2014\/09\/Apertura_curso_Noticias-802x1024.jpg 802w\" sizes=\"(max-width: 2292px) 100vw, 2292px\" \/><\/a><\/p>\n<p><a href=\"https:\/\/cptafalla.educacion.navarra.es\/web\/wp-content\/uploads\/2014\/09\/Apertura_curso_Diario.jpg\"><img loading=\"lazy\" class=\"alignnone size-full wp-image-274\" alt=\"Apertura_curso_Diario\" src=\"https:\/\/cptafalla.educacion.navarra.es\/web\/wp-content\/uploads\/2014\/09\/Apertura_curso_Diario.jpg\" width=\"2256\" height=\"2080\" srcset=\"https:\/\/cptafalla.educacion.navarra.es\/web\/wp-content\/uploads\/2014\/09\/Apertura_curso_Diario.jpg 2256w, https:\/\/cptafalla.educacion.navarra.es\/web\/wp-content\/uploads\/2014\/09\/Apertura_curso_Diario-300x276.jpg 300w, https:\/\/cptafalla.educacion.navarra.es\/web\/wp-content\/uploads\/2014\/09\/Apertura_curso_Diario-1024x944.jpg 1024w\" sizes=\"(max-width: 2256px) 100vw, 2256px\" \/><\/a><\/p>\n","protected":false},"excerpt":{"rendered":"<p>El Aula Abierta es una propuesta metodol\u00f3gica y organizativa que el Centro present\u00f3 al Departamento de Educaci\u00f3n para el curso 2012-2013 y que obtuvo el aval y respaldo de la Direcci\u00f3n General de Educaci\u00f3n. Si la integraci\u00f3n es la adaptaci\u00f3n de la persona al entorno y la inclusi\u00f3n es la adaptaci\u00f3n del entrono a la &hellip; <a href=\"https:\/\/cptafalla.educacion.navarra.es\/web\/proyectos\/aula-abierta\/\" class=\"more-link\">Seguir leyendo <span class=\"screen-reader-text\">Aula Abierta<\/span> <span class=\"meta-nav\">&rarr;<\/span><\/a><\/p>\n","protected":false},"author":1,"featured_media":0,"parent":636,"menu_order":25,"comment_status":"closed","ping_status":"closed","template":"","meta":[],"_links":{"self":[{"href":"https:\/\/cptafalla.educacion.navarra.es\/web\/wp-json\/wp\/v2\/pages\/140"}],"collection":[{"href":"https:\/\/cptafalla.educacion.navarra.es\/web\/wp-json\/wp\/v2\/pages"}],"about":[{"href":"https:\/\/cptafalla.educacion.navarra.es\/web\/wp-json\/wp\/v2\/types\/page"}],"author":[{"embeddable":true,"href":"https:\/\/cptafalla.educacion.navarra.es\/web\/wp-json\/wp\/v2\/users\/1"}],"replies":[{"embeddable":true,"href":"https:\/\/cptafalla.educacion.navarra.es\/web\/wp-json\/wp\/v2\/comments?post=140"}],"version-history":[{"count":10,"href":"https:\/\/cptafalla.educacion.navarra.es\/web\/wp-json\/wp\/v2\/pages\/140\/revisions"}],"predecessor-version":[{"id":285,"href":"https:\/\/cptafalla.educacion.navarra.es\/web\/wp-json\/wp\/v2\/pages\/140\/revisions\/285"}],"up":[{"embeddable":true,"href":"https:\/\/cptafalla.educacion.navarra.es\/web\/wp-json\/wp\/v2\/pages\/636"}],"wp:attachment":[{"href":"https:\/\/cptafalla.educacion.navarra.es\/web\/wp-json\/wp\/v2\/media?parent=140"}],"curies":[{"name":"wp","href":"https:\/\/api.w.org\/{rel}","templated":true}]}}