{"id":127,"date":"2014-09-14T17:35:58","date_gmt":"2014-09-14T15:35:58","guid":{"rendered":"http:\/\/cptafalla.educacion.navarra.es\/web\/?page_id=127"},"modified":"2026-02-09T10:55:55","modified_gmt":"2026-02-09T09:55:55","slug":"preinscripcion","status":"publish","type":"page","link":"https:\/\/cptafalla.educacion.navarra.es\/web\/informaciones\/preinscripcion\/","title":{"rendered":"CAMPA\u00d1A DE PREMATRICULACI\u00d3N"},"content":{"rendered":"\n<p>En&nbsp;la Escuela P\u00fablica de Tafalla, os ofrecemos todos los modelos ling\u00fc\u00edsticos en un solo Centro con Programa de Aprendizaje en Ingl\u00e9s (PAI) y, adem\u00e1s, con la calidad de un servicio p\u00fablico: gratuidad, escuela inclusiva, individualizaci\u00f3n, trabajo por proyectos, innovaci\u00f3n, aplicaci\u00f3n de las tecnolog\u00edas a la educaci\u00f3n, valoraci\u00f3n, empat\u00eda&#8230; y alegr\u00eda.<\/p>\n\n\n\n<h4 id=\"cartel-de-la-campana-2022-2023\">Cartel de la Campa\u00f1a 2026-27:<\/h4>\n\n\n\n\n\n<figure class=\"wp-block-image size-large\"><a href=\"https:\/\/cptafalla.educacion.navarra.es\/web\/wp-content\/uploads\/2026\/02\/Jornadas-de-puertas-abiertas-_-Ate-irekien-jardunaldiak.jpg\"><img loading=\"lazy\" width=\"1024\" height=\"747\" src=\"https:\/\/cptafalla.educacion.navarra.es\/web\/wp-content\/uploads\/2026\/02\/Jornadas-de-puertas-abiertas-_-Ate-irekien-jardunaldiak-1024x747.jpg\" alt=\"\" class=\"wp-image-10229\" srcset=\"https:\/\/cptafalla.educacion.navarra.es\/web\/wp-content\/uploads\/2026\/02\/Jornadas-de-puertas-abiertas-_-Ate-irekien-jardunaldiak-1024x747.jpg 1024w, https:\/\/cptafalla.educacion.navarra.es\/web\/wp-content\/uploads\/2026\/02\/Jornadas-de-puertas-abiertas-_-Ate-irekien-jardunaldiak-300x219.jpg 300w, https:\/\/cptafalla.educacion.navarra.es\/web\/wp-content\/uploads\/2026\/02\/Jornadas-de-puertas-abiertas-_-Ate-irekien-jardunaldiak-768x560.jpg 768w, https:\/\/cptafalla.educacion.navarra.es\/web\/wp-content\/uploads\/2026\/02\/Jornadas-de-puertas-abiertas-_-Ate-irekien-jardunaldiak-1536x1121.jpg 1536w, https:\/\/cptafalla.educacion.navarra.es\/web\/wp-content\/uploads\/2026\/02\/Jornadas-de-puertas-abiertas-_-Ate-irekien-jardunaldiak.jpg 2000w\" sizes=\"(max-width: 1024px) 100vw, 1024px\" \/><\/a><\/figure>\n\n\n\n<h4 id=\"cartel-de-la-campana-2022-2023\">V\u00eddeo de la Campa\u00f1a 2026<\/h4>\n\n\n\n\n\n<figure class=\"wp-block-embed is-type-video is-provider-youtube wp-block-embed-youtube wp-embed-aspect-16-9 wp-has-aspect-ratio\"><div class=\"wp-block-embed__wrapper\">\n<iframe loading=\"lazy\" title=\"2026 PROMO COMARCALES\" width=\"474\" height=\"267\" src=\"https:\/\/www.youtube.com\/embed\/M3OZuE-p9VU?feature=oembed\" frameborder=\"0\" allow=\"accelerometer; autoplay; clipboard-write; encrypted-media; gyroscope; picture-in-picture; web-share\" referrerpolicy=\"strict-origin-when-cross-origin\" allowfullscreen><\/iframe>\n<\/div><\/figure>\n\n\n\n<p><strong>V\u00eddeo de la Campa\u00f1a&nbsp; 2022\/2023 <\/strong><\/p>\n\n\n\n<p><strong>2022\/2023eko kanpainaren bideoa.<\/strong><\/p>\n\n\n\n<figure class=\"wp-block-embed is-type-video is-provider-youtube wp-block-embed-youtube wp-embed-aspect-16-9 wp-has-aspect-ratio\"><div class=\"wp-block-embed__wrapper\">\n<iframe loading=\"lazy\" title=\"CPEIP Marqu\u00e9s de la Real Defensa Ikastetxe publikoa TAFALLA 2\" width=\"474\" height=\"267\" src=\"https:\/\/www.youtube.com\/embed\/JXMJ3khOeGE?feature=oembed\" frameborder=\"0\" allow=\"accelerometer; autoplay; clipboard-write; encrypted-media; gyroscope; picture-in-picture; web-share\" referrerpolicy=\"strict-origin-when-cross-origin\" allowfullscreen><\/iframe>\n<\/div><\/figure>\n\n\n\n<p><strong>V\u00eddeos de la Campa\u00f1a&nbsp; 2021\/2022 <\/strong><\/p>\n<p><strong>2021\/2022eko kanpainaren bideoak.<\/strong><\/p>\n<p>&nbsp;<\/p>\n\n\n\n<figure class=\"wp-block-embed is-type-video is-provider-youtube wp-block-embed-youtube wp-embed-aspect-16-9 wp-has-aspect-ratio\"><div class=\"wp-block-embed__wrapper\">\n<iframe loading=\"lazy\" title=\"Primer v\u00eddeo campa\u00f1a prematriculaci\u00f3n\/Aurrematrikulazio-kanpainaren lehen bideoa\" width=\"474\" height=\"267\" src=\"https:\/\/www.youtube.com\/embed\/9ZATzA3yW84?feature=oembed\" frameborder=\"0\" allow=\"accelerometer; autoplay; clipboard-write; encrypted-media; gyroscope; picture-in-picture; web-share\" referrerpolicy=\"strict-origin-when-cross-origin\" allowfullscreen><\/iframe>\n<\/div><\/figure>\n\n\n\n<figure class=\"wp-block-embed is-type-video is-provider-youtube wp-block-embed-youtube wp-embed-aspect-16-9 wp-has-aspect-ratio\"><div class=\"wp-block-embed__wrapper\">\n<iframe loading=\"lazy\" title=\"Prematriculaci\u00f3n  INFANTIL\/ Aurrematrikulazio HAUR HEZKUNTZA\" width=\"474\" height=\"267\" src=\"https:\/\/www.youtube.com\/embed\/FS6rB9dLm04?feature=oembed\" frameborder=\"0\" allow=\"accelerometer; autoplay; clipboard-write; encrypted-media; gyroscope; picture-in-picture; web-share\" referrerpolicy=\"strict-origin-when-cross-origin\" allowfullscreen><\/iframe>\n<\/div><\/figure>\n\n\n\n<h4 id=\"jornadas-de-puertas-abiertas\">JORNADAS DE PUERTAS ABIERTAS<\/h4>\n\n\n\n<p><a href=\"https:\/\/docs.google.com\/presentation\/d\/1TXwmQMaKqVLx4uZjsDiF6v1Kb1TES05v6NZvSzQu-Gw\/edit?usp=sharing\" target=\"_blank\" rel=\"noreferrer noopener\">Pincha aqu\u00ed para ver la Presentaci\u00f3n del D\u00eda de Puertas Abiertas.<\/a><\/p>\n\n\n\n<p><strong>V\u00eddeos de la Campa\u00f1a 2020\/ 2020ko kanpainaren bideoak<\/strong><\/p>\n<p>Primer v\u00eddeo\/ Lehenengo bideoa.<\/p>\n\n\n\n<p><a href=\"https:\/\/www.youtube.com\/watch?v=5lF3p573TLk&amp;t=1s\">https:\/\/www.youtube.com\/watch?v=5lF3p573TLk&amp;t=1s<\/a><\/p>\n\n\n\n<p>Segundo v\u00eddeo\/ Bigarren bideoa<\/p>\n\n\n\n<p><a href=\"https:\/\/www.youtube.com\/watch?v=C83xEuTZO-4&amp;t=23s\">https:\/\/www.youtube.com\/watch?v=C83xEuTZO-4&amp;t=23s<\/a><\/p>\n\n\n\n<p>Tercer v\u00eddeo\/ Hirugarren bideoa<\/p>\n\n\n\n<p><a href=\"https:\/\/www.youtube.com\/watch?v=QItLZ6ufD5c\">https:\/\/www.youtube.com\/watch?v=QItLZ6ufD5c<\/a><\/p>\n\n\n\n<p>V\u00eddeo Modelo D \/ D ereduko bideoa<\/p>\n\n\n\n<p><a href=\"https:\/\/www.youtube.com\/watch?v=LJjGw4d2NKo\">https:\/\/www.youtube.com\/watch?v=LJjGw4d2NKo<\/a><\/p>\n\n\n\n<p> V\u00eddeo de la Campa\u00f1a 2019\/ 2019ko kanpainaren bideoa<\/p>\n\n\n\n<figure class=\"wp-block-embed is-type-video is-provider-youtube wp-block-embed-youtube wp-embed-aspect-16-9 wp-has-aspect-ratio\"><div class=\"wp-block-embed__wrapper\">\nhttps:\/\/www.youtube.com\/watch?v=E-Hix3EYqe4\n<\/div><\/figure>\n\n\n<p>\u00a0<\/p>\n<h4>DOCUMENTACI\u00d3N:<\/h4>\n<p>En cada Campa\u00f1a de Preinscripci\u00f3n os enviamos una <a href=\"https:\/\/docs.google.com\/document\/d\/1b5YOfv8hmUzDKHTiMG8vvO6wcmVn4xfZ\/edit?usp=drive_link&amp;ouid=101556528596989265026&amp;rtpof=true&amp;sd=true\" target=\"_blank\" rel=\"noopener noreferrer\">carta a las familias con hijos o hijas de 3 a\u00f1os.<\/a><\/p>\n<p><a href=\"https:\/\/docs.google.com\/document\/d\/1b5YOfv8hmUzDKHTiMG8vvO6wcmVn4xfZ\/edit?usp=drive_link&amp;ouid=101556528596989265026&amp;rtpof=true&amp;sd=true\" target=\"_blank\" rel=\"noopener noreferrer\">3 urteko seme-alabak dituzten familiei gutuna.<\/a><\/p>\n<p>El formulario a cumplimentar:<\/p>\n<p><a href=\"https:\/\/drive.google.com\/file\/d\/1EI6lKVw630cf-pXkCljmWx9YGqLAo_Zs\/view?usp=drive_link\" target=\"_blank\" rel=\"noopener noreferrer\">Formulario del Departamento de Educaci\u00f3n<\/a><\/p>\n<h4>V\u00cdDEOS Y MULTIMEDIA<\/h4>\n<p>Tambi\u00e9n, pod\u00e9is conocer nuestro trabajo a trav\u00e9s de este reportaje que hizo en su d\u00eda <em>Popular TV<\/em> y que refleja muy bien el c\u00f3mo transcurre un d\u00eda en las aulas:<\/p>\n<p><iframe loading=\"lazy\" src=\"https:\/\/drive.google.com\/file\/d\/0B6LCFgPqjtgxU0dtRC1DbDBKck0\/preview\" width=\"640\" height=\"480\"><\/iframe><\/p>\n<p>Y en este montaje ten\u00e9is un paseo en fotos por un curso escolar: COLEGIO P\u00daBLICO DE TAFALLA: CURSO A CURSO, FORMANDO PERSONAS\u00a0DESDE 1977.<\/p>\n<p>Tambi\u00e9n trabajamos con Talleres internivelares en 1\u00ba y 2\u00ba de Educaci\u00f3n Primaria. Este reportaje de Ahora Zona Media refleja muy bien la experiencia:<\/p>\n<p><iframe loading=\"lazy\" src=\"\/\/www.youtube.com\/embed\/X7A6cAFhnDY\" width=\"560\" height=\"314\" allowfullscreen=\"allowfullscreen\"><\/iframe><\/p>\n<p>Y, por otra parte, tambi\u00e9n ten\u00e9is a vuestra disposici\u00f3n <a href=\"https:\/\/www.youtube.com\/user\/ComarcalesTafalla\/playlists\" target=\"_blank\" rel=\"noopener noreferrer\">nuestro canal de Youtube<\/a>.<\/p>\n<p>Para cualquier pregunta, no dud\u00e9is en poneros en contacto con el Colegio.<\/p>\n<p>\u00a1Gracias!<\/p>\n\n\n<figure class=\"wp-block-video\"><\/figure>\n","protected":false},"excerpt":{"rendered":"<p>En&nbsp;la Escuela P\u00fablica de Tafalla, os ofrecemos todos los modelos ling\u00fc\u00edsticos en un solo Centro con Programa de Aprendizaje en Ingl\u00e9s (PAI) y, adem\u00e1s, con la calidad de un servicio p\u00fablico: gratuidad, escuela inclusiva, individualizaci\u00f3n, trabajo por proyectos, innovaci\u00f3n, aplicaci\u00f3n de las tecnolog\u00edas a la educaci\u00f3n, valoraci\u00f3n, empat\u00eda&#8230; y alegr\u00eda. Cartel de la Campa\u00f1a 2026-27: &hellip; <a href=\"https:\/\/cptafalla.educacion.navarra.es\/web\/informaciones\/preinscripcion\/\" class=\"more-link\">Seguir leyendo <span class=\"screen-reader-text\">CAMPA\u00d1A DE PREMATRICULACI\u00d3N<\/span> <span class=\"meta-nav\">&rarr;<\/span><\/a><\/p>\n","protected":false},"author":1,"featured_media":0,"parent":132,"menu_order":9,"comment_status":"closed","ping_status":"closed","template":"","meta":[],"_links":{"self":[{"href":"https:\/\/cptafalla.educacion.navarra.es\/web\/wp-json\/wp\/v2\/pages\/127"}],"collection":[{"href":"https:\/\/cptafalla.educacion.navarra.es\/web\/wp-json\/wp\/v2\/pages"}],"about":[{"href":"https:\/\/cptafalla.educacion.navarra.es\/web\/wp-json\/wp\/v2\/types\/page"}],"author":[{"embeddable":true,"href":"https:\/\/cptafalla.educacion.navarra.es\/web\/wp-json\/wp\/v2\/users\/1"}],"replies":[{"embeddable":true,"href":"https:\/\/cptafalla.educacion.navarra.es\/web\/wp-json\/wp\/v2\/comments?post=127"}],"version-history":[{"count":69,"href":"https:\/\/cptafalla.educacion.navarra.es\/web\/wp-json\/wp\/v2\/pages\/127\/revisions"}],"predecessor-version":[{"id":10230,"href":"https:\/\/cptafalla.educacion.navarra.es\/web\/wp-json\/wp\/v2\/pages\/127\/revisions\/10230"}],"up":[{"embeddable":true,"href":"https:\/\/cptafalla.educacion.navarra.es\/web\/wp-json\/wp\/v2\/pages\/132"}],"wp:attachment":[{"href":"https:\/\/cptafalla.educacion.navarra.es\/web\/wp-json\/wp\/v2\/media?parent=127"}],"curies":[{"name":"wp","href":"https:\/\/api.w.org\/{rel}","templated":true}]}}