{"id":125,"date":"2014-09-14T17:33:20","date_gmt":"2014-09-14T15:33:20","guid":{"rendered":"http:\/\/cptafalla.educacion.navarra.es\/web\/?page_id=125"},"modified":"2025-08-27T13:26:20","modified_gmt":"2025-08-27T11:26:20","slug":"libros-y-material","status":"publish","type":"page","link":"https:\/\/cptafalla.educacion.navarra.es\/web\/informaciones\/libros-y-material\/","title":{"rendered":"LIBROS Y MATERIAL"},"content":{"rendered":"<p>A continuaci\u00f3n ten\u00e9is los pdf con la relaci\u00f3n de libros y materiales para este curso 2025-26<\/p>\n<p>NO HAY QUE COMPRAR material para Educaci\u00f3n Infantil; se gestionar\u00e1 desde el centro con el dinero que se solicite a las familias.<\/p>\n<p>TAMPOCO HAY QUE COMPRAR AGENDA en Educaci\u00f3n Primaria. El Colegio se encarga de todo para poder disponer de una Agenda unificada para el alumnado de Educaci\u00f3n Primaria y personalizada para el Centro.<\/p>\n\n\n<article id=\"post-3892\" class=\"post-3892 post type-post status-publish format-standard hentry category-noticias\">\n<div class=\"entry-content\">\n<p><strong>Material para los Modelos A\/G<\/strong>&nbsp;<\/p>\n<p>&nbsp;<\/p>\n<\/div>\n<\/article>\n\n\n\n<figure class=\"wp-block-gallery has-nested-images columns-default is-cropped\">\n<figure class=\"wp-block-image size-large\"><a href=\"https:\/\/cptafalla.educacion.navarra.es\/web\/wp-content\/uploads\/2025\/08\/1756108486919-8e344412-5028-4ffb-aeb2-d10fee33f47b_1.jpg\"><img data-id=\"9849\"  src=\"https:\/\/cptafalla.educacion.navarra.es\/web\/wp-content\/uploads\/2025\/08\/1756108486919-8e344412-5028-4ffb-aeb2-d10fee33f47b_1.jpg\" alt=\"\" class=\"wp-image-9849\"\/><\/a><\/figure>\n\n\n\n<figure class=\"wp-block-image size-large\"><a href=\"https:\/\/cptafalla.educacion.navarra.es\/web\/wp-content\/uploads\/2025\/08\/1756108486919-8e344412-5028-4ffb-aeb2-d10fee33f47b_2.jpg\"><img data-id=\"9847\"  src=\"https:\/\/cptafalla.educacion.navarra.es\/web\/wp-content\/uploads\/2025\/08\/1756108486919-8e344412-5028-4ffb-aeb2-d10fee33f47b_2.jpg\" alt=\"\" class=\"wp-image-9847\"\/><\/a><\/figure>\n\n\n\n<figure class=\"wp-block-image size-large\"><a href=\"https:\/\/cptafalla.educacion.navarra.es\/web\/wp-content\/uploads\/2025\/08\/1756108486919-8e344412-5028-4ffb-aeb2-d10fee33f47b_3.jpg\"><img data-id=\"9850\"  src=\"https:\/\/cptafalla.educacion.navarra.es\/web\/wp-content\/uploads\/2025\/08\/1756108486919-8e344412-5028-4ffb-aeb2-d10fee33f47b_3.jpg\" alt=\"\" class=\"wp-image-9850\"\/><\/a><\/figure>\n\n\n\n<figure class=\"wp-block-image size-full\"><a href=\"https:\/\/cptafalla.educacion.navarra.es\/web\/wp-content\/uploads\/2025\/08\/4o-EP-LIBROS-Y-MATERIAL-1-3.pdf\"><img data-id=\"9868\"  src=\"https:\/\/cptafalla.educacion.navarra.es\/web\/wp-content\/uploads\/2025\/08\/4o-EP-LIBROS-Y-MATERIAL-1-3.pdf\" alt=\"\" class=\"wp-image-9868\"\/><\/a><\/figure>\n\n\n\n<figure class=\"wp-block-image size-large\"><a href=\"https:\/\/cptafalla.educacion.navarra.es\/web\/wp-content\/uploads\/2025\/08\/1756108486919-8e344412-5028-4ffb-aeb2-d10fee33f47b_5.jpg\"><img data-id=\"9851\"  src=\"https:\/\/cptafalla.educacion.navarra.es\/web\/wp-content\/uploads\/2025\/08\/1756108486919-8e344412-5028-4ffb-aeb2-d10fee33f47b_5.jpg\" alt=\"\" class=\"wp-image-9851\"\/><\/a><\/figure>\n\n\n\n<figure class=\"wp-block-image size-large\"><a href=\"https:\/\/cptafalla.educacion.navarra.es\/web\/wp-content\/uploads\/2025\/08\/1756108486919-8e344412-5028-4ffb-aeb2-d10fee33f47b_6.jpg\"><img data-id=\"9852\"  src=\"https:\/\/cptafalla.educacion.navarra.es\/web\/wp-content\/uploads\/2025\/08\/1756108486919-8e344412-5028-4ffb-aeb2-d10fee33f47b_6.jpg\" alt=\"\" class=\"wp-image-9852\"\/><\/a><\/figure>\n<\/figure>\n\n\n\n<p><a href=\"https:\/\/drive.google.com\/file\/d\/1BDNC8eIJbC9JhI4MZUTME0jS-CZ6OKPa\/view?usp=sharing\">Descargar documento<\/a><\/p>\n<p><strong>D eredurako materiala<\/strong><\/p>\n<p>&nbsp;<\/p>\n\n\n\n<div class=\"wp-block-file\"><object class=\"wp-block-file__embed\" data=\"https:\/\/cptafalla.educacion.navarra.es\/web\/wp-content\/uploads\/2025\/08\/D-eredua.pdf\" type=\"application\/pdf\" style=\"width:100%;height:600px\" aria-label=\"Incrustado de D-eredua.\"><\/object><a id=\"wp-block-file--media-f27bdf22-f75a-4f5e-9619-ddf6c61db23d\" href=\"https:\/\/cptafalla.educacion.navarra.es\/web\/wp-content\/uploads\/2025\/08\/D-eredua.pdf\">D-eredua<\/a><a href=\"https:\/\/cptafalla.educacion.navarra.es\/web\/wp-content\/uploads\/2025\/08\/D-eredua.pdf\" class=\"wp-block-file__button\" download aria-describedby=\"wp-block-file--media-f27bdf22-f75a-4f5e-9619-ddf6c61db23d\">Descarga<\/a><\/div>\n\n\n\n<p><a href=\"https:\/\/drive.google.com\/file\/d\/1qzmoUxM5oFGOoaxILVJW8nIfHGUYimwA\/view?usp=sharing\">Dokumentua deskargatu<\/a><\/p>\n","protected":false},"excerpt":{"rendered":"<p>A continuaci\u00f3n ten\u00e9is los pdf con la relaci\u00f3n de libros y materiales para este curso 2025-26 NO HAY QUE COMPRAR material para Educaci\u00f3n Infantil; se gestionar\u00e1 desde el centro con el dinero que se solicite a las familias. TAMPOCO HAY QUE COMPRAR AGENDA en Educaci\u00f3n Primaria. El Colegio se encarga de todo para poder disponer &hellip; <a href=\"https:\/\/cptafalla.educacion.navarra.es\/web\/informaciones\/libros-y-material\/\" class=\"more-link\">Seguir leyendo <span class=\"screen-reader-text\">LIBROS Y MATERIAL<\/span> <span class=\"meta-nav\">&rarr;<\/span><\/a><\/p>\n","protected":false},"author":1,"featured_media":0,"parent":132,"menu_order":2,"comment_status":"closed","ping_status":"closed","template":"","meta":[],"_links":{"self":[{"href":"https:\/\/cptafalla.educacion.navarra.es\/web\/wp-json\/wp\/v2\/pages\/125"}],"collection":[{"href":"https:\/\/cptafalla.educacion.navarra.es\/web\/wp-json\/wp\/v2\/pages"}],"about":[{"href":"https:\/\/cptafalla.educacion.navarra.es\/web\/wp-json\/wp\/v2\/types\/page"}],"author":[{"embeddable":true,"href":"https:\/\/cptafalla.educacion.navarra.es\/web\/wp-json\/wp\/v2\/users\/1"}],"replies":[{"embeddable":true,"href":"https:\/\/cptafalla.educacion.navarra.es\/web\/wp-json\/wp\/v2\/comments?post=125"}],"version-history":[{"count":32,"href":"https:\/\/cptafalla.educacion.navarra.es\/web\/wp-json\/wp\/v2\/pages\/125\/revisions"}],"predecessor-version":[{"id":9869,"href":"https:\/\/cptafalla.educacion.navarra.es\/web\/wp-json\/wp\/v2\/pages\/125\/revisions\/9869"}],"up":[{"embeddable":true,"href":"https:\/\/cptafalla.educacion.navarra.es\/web\/wp-json\/wp\/v2\/pages\/132"}],"wp:attachment":[{"href":"https:\/\/cptafalla.educacion.navarra.es\/web\/wp-json\/wp\/v2\/media?parent=125"}],"curies":[{"name":"wp","href":"https:\/\/api.w.org\/{rel}","templated":true}]}}